{"id":3979,"date":"2015-04-17T08:34:39","date_gmt":"2015-04-17T08:34:39","guid":{"rendered":"http:\/\/minorpostcards.fi\/product\/uncategorized\/finnish-rye-bread-pie-perinneruoka-kalakukko-2\/"},"modified":"2026-03-05T09:12:35","modified_gmt":"2026-03-05T07:12:35","slug":"finnish-rye-bread-pie-perinneruoka-kalakukko-2","status":"publish","type":"product","link":"https:\/\/minorpostcards.fi\/fi\/tuote\/kortit\/finnish-rye-bread-pie-perinneruoka-kalakukko-2\/","title":{"rendered":"Finnish rye bread pie &#8211; Perinneruoka kalakukko"},"content":{"rendered":"<p>Kalakukko on erityisesti Savossa sy\u00f6t\u00e4v\u00e4 perinneruoka. Se on rekister\u00f6ity Euroopan Unionin aidoksi perinteiseksi tuotteeksi vuonna 2002. Kalakukossa kukko ei tarkoita uroslintua, mutta yht\u00e4 varmaa selityst\u00e4 kukko-sanalle ei ole. Se ehk\u00e4 viittaa kukkaron tapaiseen paistosmalliin, joka k\u00e4tkee t\u00e4ytteen kuoren sis\u00e4lle, tai alkuper\u00e4 voi tulla paistoksen kukkuraisesta muodosta.<\/p>\n","protected":false},"excerpt":{"rendered":"<p>Postikortti.<\/p>\n","protected":false},"featured_media":3978,"template":"","meta":[],"product_brand":[],"product_cat":[19],"product_tag":[194,137,115],"class_list":{"0":"post-3979","1":"product","2":"type-product","3":"status-publish","4":"has-post-thumbnail","6":"product_cat-kortit","7":"product_tag-reseptit","8":"product_tag-ruoka","9":"product_tag-suomi","10":"product_shipping_class-cards","12":"first","13":"outofstock","14":"taxable","15":"shipping-taxable","16":"purchasable","17":"product-type-simple"},"_links":{"self":[{"href":"https:\/\/minorpostcards.fi\/fi\/wp-json\/wp\/v2\/product\/3979","targetHints":{"allow":["GET"]}}],"collection":[{"href":"https:\/\/minorpostcards.fi\/fi\/wp-json\/wp\/v2\/product"}],"about":[{"href":"https:\/\/minorpostcards.fi\/fi\/wp-json\/wp\/v2\/types\/product"}],"wp:featuredmedia":[{"embeddable":true,"href":"https:\/\/minorpostcards.fi\/fi\/wp-json\/wp\/v2\/media\/3978"}],"wp:attachment":[{"href":"https:\/\/minorpostcards.fi\/fi\/wp-json\/wp\/v2\/media?parent=3979"}],"wp:term":[{"taxonomy":"product_brand","embeddable":true,"href":"https:\/\/minorpostcards.fi\/fi\/wp-json\/wp\/v2\/product_brand?post=3979"},{"taxonomy":"product_cat","embeddable":true,"href":"https:\/\/minorpostcards.fi\/fi\/wp-json\/wp\/v2\/product_cat?post=3979"},{"taxonomy":"product_tag","embeddable":true,"href":"https:\/\/minorpostcards.fi\/fi\/wp-json\/wp\/v2\/product_tag?post=3979"}],"curies":[{"name":"wp","href":"https:\/\/api.w.org\/{rel}","templated":true}]}}