{"id":4015,"date":"2021-03-01T17:10:24","date_gmt":"2015-04-17T09:54:24","guid":{"rendered":"http:\/\/minorpostcards.fi\/product\/uncategorized\/kotiliesi-on-kaksi-kertaa-kuukaudessa-ilmestyva-suomalainen-naistenlehti-se-alkoi-ilmestya-vuonna-1922-lehden-sisallon-ydinta-ovat-ruoka-kodin-juhlat-puutarha-sisustaminen-tapakulttuuri-terveys\/"},"modified":"2026-04-03T22:18:20","modified_gmt":"2026-04-03T19:18:20","slug":"kotiliesi","status":"publish","type":"product","link":"https:\/\/minorpostcards.fi\/fi\/tuote\/kortit\/kotiliesi\/","title":{"rendered":"Kotiliesi"},"content":{"rendered":"<div><b>Kotiliesi<\/b>\u00a0on kaksi kertaa kuukaudessa ilmestyv\u00e4 suomalainen\u00a0naistenlehti. Se alkoi ilmesty\u00e4 vuonna\u00a01922.\u00a0Lehden sis\u00e4ll\u00f6n ydint\u00e4 ovat ruoka, kodin juhlat, puutarha, sisustaminen, tapakulttuuri, terveys ja ihmissuhteet. Lis\u00e4ksi lehti julkaisee henkil\u00f6haastatteluja, kolumneja ja tietoa ajankohtaisista asioista ja ilmi\u00f6ist\u00e4. (Wikipedia)<b><br \/>\n<\/b><\/div>\n<div>Kuvassa naisen p\u00e4\u00e4ll\u00e4 on Kangasniemen kansallispuku.<\/div>\n","protected":false},"excerpt":{"rendered":"<p>Postikortti.<\/p>\n","protected":false},"featured_media":4014,"template":"","meta":[],"product_brand":[],"product_cat":[19],"product_tag":[124,128],"class_list":{"0":"post-4015","1":"product","2":"type-product","3":"status-publish","4":"has-post-thumbnail","6":"product_cat-kortit","7":"product_tag-ihmiset","8":"product_tag-nostalgia","9":"product_shipping_class-cards","11":"first","12":"instock","13":"taxable","14":"shipping-taxable","15":"purchasable","16":"product-type-simple"},"_links":{"self":[{"href":"https:\/\/minorpostcards.fi\/fi\/wp-json\/wp\/v2\/product\/4015","targetHints":{"allow":["GET"]}}],"collection":[{"href":"https:\/\/minorpostcards.fi\/fi\/wp-json\/wp\/v2\/product"}],"about":[{"href":"https:\/\/minorpostcards.fi\/fi\/wp-json\/wp\/v2\/types\/product"}],"wp:featuredmedia":[{"embeddable":true,"href":"https:\/\/minorpostcards.fi\/fi\/wp-json\/wp\/v2\/media\/4014"}],"wp:attachment":[{"href":"https:\/\/minorpostcards.fi\/fi\/wp-json\/wp\/v2\/media?parent=4015"}],"wp:term":[{"taxonomy":"product_brand","embeddable":true,"href":"https:\/\/minorpostcards.fi\/fi\/wp-json\/wp\/v2\/product_brand?post=4015"},{"taxonomy":"product_cat","embeddable":true,"href":"https:\/\/minorpostcards.fi\/fi\/wp-json\/wp\/v2\/product_cat?post=4015"},{"taxonomy":"product_tag","embeddable":true,"href":"https:\/\/minorpostcards.fi\/fi\/wp-json\/wp\/v2\/product_tag?post=4015"}],"curies":[{"name":"wp","href":"https:\/\/api.w.org\/{rel}","templated":true}]}}