{"id":40972,"date":"2021-03-26T15:13:12","date_gmt":"2021-03-26T15:13:12","guid":{"rendered":"https:\/\/minorpostcards.fi\/?post_type=product&#038;p=40972"},"modified":"2026-03-16T12:19:25","modified_gmt":"2026-03-16T10:19:25","slug":"varikas-sydan-kapea-washi-teippi","status":"publish","type":"product","link":"https:\/\/minorpostcards.fi\/fi\/tuote\/muut\/washi-teipit\/varikas-sydan-kapea-washi-teippi\/","title":{"rendered":"V\u00e4rik\u00e4s syd\u00e4n kapea washi-teippi"},"content":{"rendered":"<p>T\u00e4m\u00e4 washiteippi on kapea ja sen takia erityisen sopiva postikorttien koristeluun, koska tilaa on v\u00e4h\u00e4n. T\u00e4ss\u00e4 teipiss\u00e4 on paljon moniv\u00e4risi\u00e4 syd\u00e4mi\u00e4.<\/p>\n<p>Washiteippi on l\u00e4pikuultava, paperista tehty teippi. Teippi\u00e4 voi k\u00e4ytt\u00e4\u00e4 erilaisten vihkojen ja muistikirjojen koristelussa, siihen voi kirjoittaa ja se katkeaa helposti rep\u00e4isem\u00e4ll\u00e4. Teipin voi irrottaa, sen voi liimata uudelleen eik\u00e4 siit\u00e4 j\u00e4\u00e4 liimaj\u00e4lke\u00e4 kuten tavallisesta teipist\u00e4. Teippi kest\u00e4\u00e4 my\u00f6s postikortissa ja kirjekuoressa ja se on vedenkest\u00e4v\u00e4.<\/p>\n<div><\/div>\n<div>T\u00e4m\u00e4 teippimalli on Ronjan suunnittelema Minor Postcardsin oma malli, jota on saatavilla vain meilt\u00e4.<\/div>\n<div><\/div>\n<div>Liima, painatus ja materiaali ovat hyv\u00e4laatuisia, teipin koko 5mm x 10m.<\/div>\n","protected":false},"excerpt":{"rendered":"<p>Rulla washiteippi\u00e4.<\/p>\n","protected":false},"featured_media":81502,"template":"","meta":[],"product_brand":[],"product_cat":[274],"product_tag":[276],"class_list":{"0":"post-40972","1":"product","2":"type-product","3":"status-publish","4":"has-post-thumbnail","6":"product_cat-washi-teipit","7":"product_tag-washi-fi","8":"product_shipping_class-cards","10":"first","11":"instock","12":"taxable","13":"shipping-taxable","14":"purchasable","15":"product-type-simple"},"_links":{"self":[{"href":"https:\/\/minorpostcards.fi\/fi\/wp-json\/wp\/v2\/product\/40972","targetHints":{"allow":["GET"]}}],"collection":[{"href":"https:\/\/minorpostcards.fi\/fi\/wp-json\/wp\/v2\/product"}],"about":[{"href":"https:\/\/minorpostcards.fi\/fi\/wp-json\/wp\/v2\/types\/product"}],"wp:featuredmedia":[{"embeddable":true,"href":"https:\/\/minorpostcards.fi\/fi\/wp-json\/wp\/v2\/media\/81502"}],"wp:attachment":[{"href":"https:\/\/minorpostcards.fi\/fi\/wp-json\/wp\/v2\/media?parent=40972"}],"wp:term":[{"taxonomy":"product_brand","embeddable":true,"href":"https:\/\/minorpostcards.fi\/fi\/wp-json\/wp\/v2\/product_brand?post=40972"},{"taxonomy":"product_cat","embeddable":true,"href":"https:\/\/minorpostcards.fi\/fi\/wp-json\/wp\/v2\/product_cat?post=40972"},{"taxonomy":"product_tag","embeddable":true,"href":"https:\/\/minorpostcards.fi\/fi\/wp-json\/wp\/v2\/product_tag?post=40972"}],"curies":[{"name":"wp","href":"https:\/\/api.w.org\/{rel}","templated":true}]}}