{"id":42249,"date":"2021-05-12T16:10:32","date_gmt":"2021-05-12T16:10:34","guid":{"rendered":"https:\/\/minorpostcards.fi\/?post_type=product&#038;p=42249"},"modified":"2026-01-02T11:30:43","modified_gmt":"2026-01-02T09:30:43","slug":"lumottu-vieras","status":"publish","type":"product","link":"https:\/\/minorpostcards.fi\/fi\/tuote\/kortit\/lumottu-vieras\/","title":{"rendered":"Lumottu vieras"},"content":{"rendered":"<p>H\u00e4n tulee illalla<\/p>\n<p>kun t\u00e4hdet syttyv\u00e4t puihin<\/p>\n<p>ja tuo toivoa<\/p>\n<p>niille, joiden ovi on auki.<\/p>\n<p>Tummas\u00e4vyinen kortti on yhdistelm\u00e4 ottamaani valokuvaa ja Ronjan piirt\u00e4m\u00e4\u00e4 kuvaa, ja sen unenomaisen tunnelman viimeistelee uusi tavallisuudesta poikkeava mattapinnoite. Sen ansiosta kortin pinta tuntuu pehme\u00e4lle, melkein kankaiselle, ja sit\u00e4 voi hypistell\u00e4 vapaasti koska pintaan ei j\u00e4\u00e4 sormenj\u00e4lki\u00e4!<\/p>\n","protected":false},"excerpt":{"rendered":"<p>Postikortti.<\/p>\n","protected":false},"featured_media":42217,"template":"","meta":[],"product_brand":[],"product_cat":[19],"product_tag":[331,337,304,335],"class_list":{"0":"post-42249","1":"product","2":"type-product","3":"status-publish","4":"has-post-thumbnail","6":"product_cat-kortit","7":"product_tag-fantasia-aiheet","8":"product_tag-halloween-fi","9":"product_tag-mattapinta","10":"product_tag-tahdet-ja-astronomia","11":"product_shipping_class-cards","13":"first","14":"instock","15":"taxable","16":"shipping-taxable","17":"purchasable","18":"product-type-simple"},"_links":{"self":[{"href":"https:\/\/minorpostcards.fi\/fi\/wp-json\/wp\/v2\/product\/42249","targetHints":{"allow":["GET"]}}],"collection":[{"href":"https:\/\/minorpostcards.fi\/fi\/wp-json\/wp\/v2\/product"}],"about":[{"href":"https:\/\/minorpostcards.fi\/fi\/wp-json\/wp\/v2\/types\/product"}],"wp:featuredmedia":[{"embeddable":true,"href":"https:\/\/minorpostcards.fi\/fi\/wp-json\/wp\/v2\/media\/42217"}],"wp:attachment":[{"href":"https:\/\/minorpostcards.fi\/fi\/wp-json\/wp\/v2\/media?parent=42249"}],"wp:term":[{"taxonomy":"product_brand","embeddable":true,"href":"https:\/\/minorpostcards.fi\/fi\/wp-json\/wp\/v2\/product_brand?post=42249"},{"taxonomy":"product_cat","embeddable":true,"href":"https:\/\/minorpostcards.fi\/fi\/wp-json\/wp\/v2\/product_cat?post=42249"},{"taxonomy":"product_tag","embeddable":true,"href":"https:\/\/minorpostcards.fi\/fi\/wp-json\/wp\/v2\/product_tag?post=42249"}],"curies":[{"name":"wp","href":"https:\/\/api.w.org\/{rel}","templated":true}]}}