{"id":42270,"date":"2021-05-13T08:52:57","date_gmt":"2021-05-13T08:52:58","guid":{"rendered":"https:\/\/minorpostcards.fi\/?post_type=product&#038;p=42270"},"modified":"2025-09-23T07:45:18","modified_gmt":"2025-09-23T04:45:18","slug":"mustikkakaveri","status":"publish","type":"product","link":"https:\/\/minorpostcards.fi\/fi\/tuote\/kortit\/mustikkakaveri\/","title":{"rendered":"Mustikkakaveri"},"content":{"rendered":"<p>Pico-koira on ollut monessa mukana: t\u00e4ll\u00e4 kertaa oltiin mustikkamets\u00e4ss\u00e4. Tutusta marjapaikasta l\u00f6ytyi hyvin marjoja, eik\u00e4 itikoitakaan ollut liikaa, vaikka yksi kiusasikin Picoa.<\/p>\n","protected":false},"excerpt":{"rendered":"<p>Postikortti.<\/p>\n","protected":false},"featured_media":42239,"template":"","meta":[],"product_brand":[],"product_cat":[19],"product_tag":[132,149,286],"class_list":{"0":"post-42270","1":"product","2":"type-product","3":"status-publish","4":"has-post-thumbnail","6":"product_cat-kortit","7":"product_tag-elaimet","8":"product_tag-kesa","9":"product_tag-luonto","10":"product_shipping_class-cards","12":"first","13":"outofstock","14":"taxable","15":"shipping-taxable","16":"purchasable","17":"product-type-simple"},"_links":{"self":[{"href":"https:\/\/minorpostcards.fi\/fi\/wp-json\/wp\/v2\/product\/42270","targetHints":{"allow":["GET"]}}],"collection":[{"href":"https:\/\/minorpostcards.fi\/fi\/wp-json\/wp\/v2\/product"}],"about":[{"href":"https:\/\/minorpostcards.fi\/fi\/wp-json\/wp\/v2\/types\/product"}],"wp:featuredmedia":[{"embeddable":true,"href":"https:\/\/minorpostcards.fi\/fi\/wp-json\/wp\/v2\/media\/42239"}],"wp:attachment":[{"href":"https:\/\/minorpostcards.fi\/fi\/wp-json\/wp\/v2\/media?parent=42270"}],"wp:term":[{"taxonomy":"product_brand","embeddable":true,"href":"https:\/\/minorpostcards.fi\/fi\/wp-json\/wp\/v2\/product_brand?post=42270"},{"taxonomy":"product_cat","embeddable":true,"href":"https:\/\/minorpostcards.fi\/fi\/wp-json\/wp\/v2\/product_cat?post=42270"},{"taxonomy":"product_tag","embeddable":true,"href":"https:\/\/minorpostcards.fi\/fi\/wp-json\/wp\/v2\/product_tag?post=42270"}],"curies":[{"name":"wp","href":"https:\/\/api.w.org\/{rel}","templated":true}]}}