{"id":42278,"date":"2021-05-13T10:12:38","date_gmt":"2021-05-13T10:12:39","guid":{"rendered":"https:\/\/minorpostcards.fi\/?post_type=product&#038;p=42278"},"modified":"2026-04-20T14:29:03","modified_gmt":"2026-04-20T11:29:03","slug":"maakuntakukka-leskenlehti","status":"publish","type":"product","link":"https:\/\/minorpostcards.fi\/fi\/tuote\/kortit\/maakuntakukka-leskenlehti\/","title":{"rendered":"Maakuntakukka leskenlehti"},"content":{"rendered":"<p>Kaikille maakunnille on valittu kukka (tai kasvi), joka edustaa alueen tyypillist\u00e4 kasvikuntaa.<\/p>\n<p>Leskenlehti oli It\u00e4-Uudenmaan maakuntakasvi, kunnes It\u00e4-Uusimaa liitettiin Uudenmaan maakuntaan. Se on kev\u00e4\u00e4n ensimm\u00e4inen kukka ja t\u00e4rke\u00e4 mesikasvi kev\u00e4\u00e4n ensimm\u00e4isille hy\u00f6nteisille. Se kasvaa avoimilla paikoilla kuten tienpenkoilla, pihoilla, puutarhoissa ja joutomailla. Monivuotisen kasvin juurakko on pitk\u00e4, haaroittuva ja vaikeasti kitkett\u00e4v\u00e4 rikkakasvi. Koska sen kukka-aiheet kehittyv\u00e4t valmiiksi\u00a0 jo edellisen\u00e4 vuotena ne ovat talvehdittuaan\u00a0 valmiita kukkimaan heti lumen sulettua. Kirkkaankeltaisen kukat ovat yksitt\u00e4in 10-30 cm pitkien varsien p\u00e4\u00e4ss\u00e4 ja kukinnan j\u00e4lkeen niist\u00e4 tulee voikukkien tapaisia hahtuvapalloja. Kasvin lehdet ilmestyv\u00e4t vasta kukinnan j\u00e4lkeen, ja kukka onkin saanut nimens\u00e4 t\u00e4m\u00e4n kasvutavan takia.<\/p>\n<p>Leskenlehte\u00e4 kutsutaan &#8221;ysk\u00e4nruohoksi&#8221; koska sit\u00e4 on k\u00e4ytetty rohtona ysk\u00e4\u00e4n ja keuhkoputken tulehdukseen mutta my\u00f6s haavojen ja ihon ongelmien hoitoon. Lehti\u00e4 on k\u00e4ytetty teen\u00e4 ja keitteen\u00e4 sek\u00e4 niit\u00e4 on poltettu tupakan tapaan. Kasvi sis\u00e4lt\u00e4\u00e4 kuitenkin maksalle haitallisia ja sy\u00f6p\u00e4\u00e4 aiheuttavia aineita, eli sit\u00e4 ei kannata k\u00e4ytt\u00e4\u00e4 rohtona.<\/p>\n","protected":false},"excerpt":{"rendered":"<p>Yksitt\u00e4inen postikortti.<\/p>\n","protected":false},"featured_media":42237,"template":"","meta":[],"product_brand":[],"product_cat":[19],"product_tag":[139,330,115,122],"class_list":{"0":"post-42278","1":"product","2":"type-product","3":"status-publish","4":"has-post-thumbnail","6":"product_cat-kortit","7":"product_tag-kasvit","8":"product_tag-maakuntakasvit","9":"product_tag-suomi","10":"product_tag-tekstit","11":"product_shipping_class-cards","13":"first","14":"instock","15":"taxable","16":"shipping-taxable","17":"purchasable","18":"product-type-simple"},"_links":{"self":[{"href":"https:\/\/minorpostcards.fi\/fi\/wp-json\/wp\/v2\/product\/42278","targetHints":{"allow":["GET"]}}],"collection":[{"href":"https:\/\/minorpostcards.fi\/fi\/wp-json\/wp\/v2\/product"}],"about":[{"href":"https:\/\/minorpostcards.fi\/fi\/wp-json\/wp\/v2\/types\/product"}],"wp:featuredmedia":[{"embeddable":true,"href":"https:\/\/minorpostcards.fi\/fi\/wp-json\/wp\/v2\/media\/42237"}],"wp:attachment":[{"href":"https:\/\/minorpostcards.fi\/fi\/wp-json\/wp\/v2\/media?parent=42278"}],"wp:term":[{"taxonomy":"product_brand","embeddable":true,"href":"https:\/\/minorpostcards.fi\/fi\/wp-json\/wp\/v2\/product_brand?post=42278"},{"taxonomy":"product_cat","embeddable":true,"href":"https:\/\/minorpostcards.fi\/fi\/wp-json\/wp\/v2\/product_cat?post=42278"},{"taxonomy":"product_tag","embeddable":true,"href":"https:\/\/minorpostcards.fi\/fi\/wp-json\/wp\/v2\/product_tag?post=42278"}],"curies":[{"name":"wp","href":"https:\/\/api.w.org\/{rel}","templated":true}]}}