{"id":42280,"date":"2021-05-13T11:55:38","date_gmt":"2021-05-13T11:55:39","guid":{"rendered":"https:\/\/minorpostcards.fi\/?post_type=product&#038;p=42280"},"modified":"2026-04-20T14:29:01","modified_gmt":"2026-04-20T11:29:01","slug":"saimaa-unesco-global-geopark-astuvansalmi","status":"publish","type":"product","link":"https:\/\/minorpostcards.fi\/fi\/tuote\/kortit\/saimaa-unesco-global-geopark-astuvansalmi\/","title":{"rendered":"Saimaa UNESCO Global Geopark &#8211; Astuvansalmi"},"content":{"rendered":"<p>UNESCO Global Geoparkit (UGG) ovat verrattavissa kansallispuistoihin ja Unescon maailmanperint\u00f6- ja biosf\u00e4\u00e4rikohteisiin. Unescon hallintoneuvosto my\u00f6nsi Saimaa Geoparkille UNESCO \u2013 statuksen huhtikuussa 2021 vuosien valmisteluty\u00f6n j\u00e4lkeen ja status on voimassa nelj\u00e4 vuotta kerrallaan. Nimityksen taustalla on mm. Natura-alueiden olemassaolo, J\u00e4rvi-Suomen peruskirja ja lukuisat hankkeet alueen luontomatkailun kehitt\u00e4miseksi.\u00a0<\/p>\n<p>Saimaa Geopark on Etel\u00e4-Karjalan ja Etel\u00e4-Savon alueella sijaitseva yhdeks\u00e4n j\u00e4senkunnan (Mikkeli, Juva, Sulkava, Puumala, Ruokolahti, Imatra, Lappeenranta, Taipalsaari ja Savitaipale) muodostama yhten\u00e4inen alue. Alueella on erityist\u00e4 geologista arvoa. Siell\u00e4 on kansallisesti ja kansainv\u00e4lisesti merkitt\u00e4vi\u00e4 geologisia maisemia ja n\u00e4ht\u00e4vyyksi\u00e4 tai arkeologisesti, ekologisesti, historiallisesti tai kulttuurisesti t\u00e4rkeit\u00e4 kohteita.\u00a0<\/p>\n<p>Saimaa Geoparkiin kuuluu lukuisia geo-, luonto- ja kulttuurikohteita eri j\u00e4senkunnissa, ja ne on esitelty t\u00e4ll\u00e4 sivustolla: https:\/\/www.saimaageopark.fi\/kohteet\/<\/p>\n<p>T\u00e4ss\u00e4 kuvassa on Astuvansalmen kalliomaalauksia Ristiinassa, Etel\u00e4-Savossa. Maalaukset ovat Pohjois-Euroopan suurimpia: kallioihin on maalattu punamultav\u00e4rill\u00e4 65 kuvaa. Aiheina on mm. hirvi\u00e4, ihmisi\u00e4, veneit\u00e4, k\u00e4sien ja tassujen j\u00e4lki\u00e4. Maalaukset ovat 8-11 metrin korkeudella nykyisest\u00e4 Saimaan vedenpinnasta, koska maalausten tekoaikana veden pinta on ollut korkeammalla kuin nyt. Vanhimmat maalaukset on tehty 3000 &#8211; 2500 eaa ja niit\u00e4 on suojannut kaarevan kalliosein\u00e4n yl\u00e4reunan lippa ja kalliolta alas valuvan sadeveden muodostama piioksidikerros.\u00a0<\/p>\n<p>Kallio, johon maalaukset on tehty on erikoinen, koska se muistuttaa j\u00e4rvelt\u00e4 tietyst\u00e4 suunnasta katsottuna ihmisen p\u00e4\u00e4t\u00e4. Arvellaan, ett\u00e4 kivikauden ihmiset ovat pit\u00e4neet sit\u00e4 jumalana tai sen kuvana. Alueelta on l\u00f6ydetty muitakin muinaisj\u00e4\u00e4nn\u00f6ksi\u00e4: j\u00e4rvest\u00e4 kallion kohdalta l\u00f6ytyi nelj\u00e4 meripihkakorua ja maalta kaksi katkennutta nuolenk\u00e4rke\u00e4. Lis\u00e4ksi l\u00e4hist\u00f6ll\u00e4 on l\u00f6ydetty asuinpaikkaan viittaavia kvartsil\u00f6yd\u00f6ksi\u00e4.<\/p>\n","protected":false},"excerpt":{"rendered":"<p>Yksitt\u00e4inen postikortti.<\/p>\n","protected":false},"featured_media":42245,"template":"","meta":[],"product_brand":[],"product_cat":[19],"product_tag":[130,332,161],"class_list":{"0":"post-42280","1":"product","2":"type-product","3":"status-publish","4":"has-post-thumbnail","6":"product_cat-kortit","7":"product_tag-kartat","8":"product_tag-suomalaiset-paikat-ja-alueet","9":"product_tag-unesco-2","10":"product_shipping_class-cards","12":"first","13":"instock","14":"taxable","15":"shipping-taxable","16":"purchasable","17":"product-type-simple"},"_links":{"self":[{"href":"https:\/\/minorpostcards.fi\/fi\/wp-json\/wp\/v2\/product\/42280","targetHints":{"allow":["GET"]}}],"collection":[{"href":"https:\/\/minorpostcards.fi\/fi\/wp-json\/wp\/v2\/product"}],"about":[{"href":"https:\/\/minorpostcards.fi\/fi\/wp-json\/wp\/v2\/types\/product"}],"wp:featuredmedia":[{"embeddable":true,"href":"https:\/\/minorpostcards.fi\/fi\/wp-json\/wp\/v2\/media\/42245"}],"wp:attachment":[{"href":"https:\/\/minorpostcards.fi\/fi\/wp-json\/wp\/v2\/media?parent=42280"}],"wp:term":[{"taxonomy":"product_brand","embeddable":true,"href":"https:\/\/minorpostcards.fi\/fi\/wp-json\/wp\/v2\/product_brand?post=42280"},{"taxonomy":"product_cat","embeddable":true,"href":"https:\/\/minorpostcards.fi\/fi\/wp-json\/wp\/v2\/product_cat?post=42280"},{"taxonomy":"product_tag","embeddable":true,"href":"https:\/\/minorpostcards.fi\/fi\/wp-json\/wp\/v2\/product_tag?post=42280"}],"curies":[{"name":"wp","href":"https:\/\/api.w.org\/{rel}","templated":true}]}}