{"id":42290,"date":"2021-05-13T15:53:40","date_gmt":"2021-05-13T15:53:40","guid":{"rendered":"https:\/\/minorpostcards.fi\/?post_type=product&#038;p=42290"},"modified":"2026-04-20T14:29:03","modified_gmt":"2026-04-20T11:29:03","slug":"nelja-vuodenaikaa-kevat","status":"publish","type":"product","link":"https:\/\/minorpostcards.fi\/fi\/tuote\/kortit\/nelja-vuodenaikaa-kevat\/","title":{"rendered":"Nelj\u00e4 vuodenaikaa &#8211; Kev\u00e4t"},"content":{"rendered":"<p>Jokaisella vuodenajalla on omat hyv\u00e4t ja huonot puolensa. Monet rakastavat kev\u00e4tt\u00e4, koska luonto her\u00e4\u00e4 silloin pitk\u00e4n talven j\u00e4lkeen.<\/p>\n<p>T\u00e4htitieteellisen m\u00e4\u00e4ritelm\u00e4n mukaan kev\u00e4t on t\u00e4ll\u00e4 pallonpuoliskolla kev\u00e4tp\u00e4iv\u00e4ntasauksen ja kes\u00e4p\u00e4iv\u00e4n seisauksen v\u00e4linen aika. <\/p>\n<p>Etel\u00e4isell\u00e4 pallonpuoliskolla kev\u00e4t on syysp\u00e4iv\u00e4ntasauksen ja talvip\u00e4iv\u00e4n seisauksen v\u00e4linen aika.Meteorologit m\u00e4\u00e4rittelev\u00e4t kev\u00e4\u00e4n l\u00e4mp\u00f6tilan mukaan ja se on silloin, kun vuorokauden keskil\u00e4mp\u00f6tila on 0 \u00b0C:n ja 10 \u00b0C:n v\u00e4lill\u00e4. Suomi on pitk\u00e4 maa ja sen takia kev\u00e4\u00e4n ajankohdassa on suuria vaihteluita etel\u00e4n ja pohjoisen v\u00e4lill\u00e4. Ahvenanmaalla kev\u00e4t voi alkaa jo tammikuussa kun Lapissa se saattaa alkaa vasta toukokuussa.\u00a0<\/p>\n<p>Kev\u00e4\u00e4seen kuuluu mm. tulvat jokien varsilla, hiekkateiden kelirikko, siitep\u00f6lykausi ja muuttolintujen palaaminen Suomeen.<\/p>\n<p><span style=\"font-weight: 400;\">T\u00e4ss\u00e4 kortissa on uusi tavallisuudesta poikkeava mattapinnoite. Sen ansiosta kortin pinta tuntuu pehme\u00e4lle, melkein kankaiselle, ja sit\u00e4 voi hypistell\u00e4 vapaasti koska pintaan ei j\u00e4\u00e4 sormenj\u00e4lki\u00e4! <\/span><\/p>\n","protected":false},"excerpt":{"rendered":"<p>Yksitt\u00e4inen postikortti.<\/p>\n","protected":false},"featured_media":42215,"template":"","meta":[],"product_brand":[],"product_cat":[19],"product_tag":[130,334,126,304,115,122],"class_list":{"0":"post-42290","1":"product","2":"type-product","3":"status-publish","4":"has-post-thumbnail","6":"product_cat-kortit","7":"product_tag-kartat","8":"product_tag-kevat","9":"product_tag-maisemat","10":"product_tag-mattapinta","11":"product_tag-suomi","12":"product_tag-tekstit","13":"product_shipping_class-cards","15":"first","16":"instock","17":"taxable","18":"shipping-taxable","19":"purchasable","20":"product-type-simple"},"_links":{"self":[{"href":"https:\/\/minorpostcards.fi\/fi\/wp-json\/wp\/v2\/product\/42290","targetHints":{"allow":["GET"]}}],"collection":[{"href":"https:\/\/minorpostcards.fi\/fi\/wp-json\/wp\/v2\/product"}],"about":[{"href":"https:\/\/minorpostcards.fi\/fi\/wp-json\/wp\/v2\/types\/product"}],"wp:featuredmedia":[{"embeddable":true,"href":"https:\/\/minorpostcards.fi\/fi\/wp-json\/wp\/v2\/media\/42215"}],"wp:attachment":[{"href":"https:\/\/minorpostcards.fi\/fi\/wp-json\/wp\/v2\/media?parent=42290"}],"wp:term":[{"taxonomy":"product_brand","embeddable":true,"href":"https:\/\/minorpostcards.fi\/fi\/wp-json\/wp\/v2\/product_brand?post=42290"},{"taxonomy":"product_cat","embeddable":true,"href":"https:\/\/minorpostcards.fi\/fi\/wp-json\/wp\/v2\/product_cat?post=42290"},{"taxonomy":"product_tag","embeddable":true,"href":"https:\/\/minorpostcards.fi\/fi\/wp-json\/wp\/v2\/product_tag?post=42290"}],"curies":[{"name":"wp","href":"https:\/\/api.w.org\/{rel}","templated":true}]}}