{"id":4239,"date":"2015-07-31T12:10:57","date_gmt":"2015-07-31T12:10:57","guid":{"rendered":"http:\/\/minorpostcards.fi\/product\/uncategorized\/suuri-sattumakuori\/"},"modified":"2022-11-24T11:14:25","modified_gmt":"2022-11-24T09:14:25","slug":"suuri-sattumakuori","status":"publish","type":"product","link":"https:\/\/minorpostcards.fi\/fi\/tuote\/muut\/suuri-sattumakuori\/","title":{"rendered":"Suuri sattumakuori"},"content":{"rendered":"<div>Yll\u00e4tyksist\u00e4 pit\u00e4v\u00e4lle kiva ja TODELLA edullinen pakkaus<\/div>\n<div><\/div>\n<div>Kirjekuori joka sis\u00e4lt\u00e4\u00e4 15\u00a0erilaista ale-korttia tai valikoimasta poistuvaa korttia Minorin verkkokaupasta. Sattuma sanelee mitk\u00e4 tuotteet tulevat kuoreen, niit\u00e4 ei voi valita \u2013 mallikuvassa on vain esimerkkej\u00e4 mahdollisista tuotteista. Yhdess\u00e4 kuoressa kaikki kortit ovat erilaisia, useamman kuoren tilauksessa\u00a0on kesken\u00e4\u00e4n samanlaisia kortteja.<\/div>\n<div><\/div>\n<div>Hy\u00f6dynn\u00e4 varaston siivous ja tilaa nyt edulliset kortit omaan k\u00e4ytt\u00f6\u00f6n tai vaikka helposti kuoressaan l\u00e4hetett\u00e4v\u00e4ksi lahjaksi.<\/div>\n","protected":false},"excerpt":{"rendered":"<p>15 kortin pakkaus kirjekuoressa.<\/p>\n","protected":false},"featured_media":4238,"template":"","meta":[],"product_brand":[],"product_cat":[220,19],"product_tag":[323,310],"class_list":{"0":"post-4239","1":"product","2":"type-product","3":"status-publish","4":"has-post-thumbnail","6":"product_cat-muut","7":"product_cat-kortit","8":"product_tag-normaali-hinta","9":"product_tag-tuotepaketit","10":"product_shipping_class-cards","12":"first","13":"instock","14":"taxable","15":"shipping-taxable","16":"purchasable","17":"product-type-simple"},"_links":{"self":[{"href":"https:\/\/minorpostcards.fi\/fi\/wp-json\/wp\/v2\/product\/4239","targetHints":{"allow":["GET"]}}],"collection":[{"href":"https:\/\/minorpostcards.fi\/fi\/wp-json\/wp\/v2\/product"}],"about":[{"href":"https:\/\/minorpostcards.fi\/fi\/wp-json\/wp\/v2\/types\/product"}],"wp:featuredmedia":[{"embeddable":true,"href":"https:\/\/minorpostcards.fi\/fi\/wp-json\/wp\/v2\/media\/4238"}],"wp:attachment":[{"href":"https:\/\/minorpostcards.fi\/fi\/wp-json\/wp\/v2\/media?parent=4239"}],"wp:term":[{"taxonomy":"product_brand","embeddable":true,"href":"https:\/\/minorpostcards.fi\/fi\/wp-json\/wp\/v2\/product_brand?post=4239"},{"taxonomy":"product_cat","embeddable":true,"href":"https:\/\/minorpostcards.fi\/fi\/wp-json\/wp\/v2\/product_cat?post=4239"},{"taxonomy":"product_tag","embeddable":true,"href":"https:\/\/minorpostcards.fi\/fi\/wp-json\/wp\/v2\/product_tag?post=4239"}],"curies":[{"name":"wp","href":"https:\/\/api.w.org\/{rel}","templated":true}]}}