{"id":4307,"date":"2015-09-07T18:41:58","date_gmt":"2015-09-07T18:41:58","guid":{"rendered":"http:\/\/minorpostcards.fi\/product\/uncategorized\/native-land-oma-maa-2\/"},"modified":"2026-02-17T09:10:51","modified_gmt":"2026-02-17T07:10:51","slug":"native-land-oma-maa-2","status":"publish","type":"product","link":"https:\/\/minorpostcards.fi\/fi\/tuote\/kortit\/native-land-oma-maa-2\/","title":{"rendered":"Native land &#8211; Oma maa"},"content":{"rendered":"<div>Kortin kartta on tytt\u00e4reni Ronjan tekem\u00e4, ja siihen on koottu\u00a0suomalaisia\u00a0aiheita. Jos kortin l\u00e4hett\u00e4\u00e4 ulkomaille, voi esim. kertoa suomalaisten <a href=\"http:\/\/yle.fi\/uutiset\/rakas_kahvi__suomessa_juodaan_niin_paljon_etta_enempaa_ei_voi\/7509365\" target=\"_blank\" rel=\"noopener noreferrer\">kahvinjuonnista<\/a>, <a href=\"https:\/\/fi.wikipedia.org\/wiki\/Ruisleip%C3%A4\" target=\"_blank\" rel=\"noopener noreferrer\">ruisleiv\u00e4st\u00e4<\/a>\u00a0ja grillimakkarasta. Tai luonnosta, <a href=\"https:\/\/fi.wikipedia.org\/wiki\/Jokamiehenoikeus\" target=\"_blank\" rel=\"noopener noreferrer\">jokamiehenoikeuksista<\/a>\u00a0ja vain Suomessa el\u00e4v\u00e4st\u00e4 <a href=\"https:\/\/fi.wikipedia.org\/wiki\/Saimaannorppa\" target=\"_blank\" rel=\"noopener noreferrer\">Saimaannorpasta<\/a>.\u00a0<span style=\"color: #505050; font-family: 'Helvetica Neue', Helvetica, Arial, 'Lucida Grande', sans-serif;\">Kirjoitettavaa l\u00f6ytyy varmasti my\u00f6s <a href=\"https:\/\/fi.wikipedia.org\/wiki\/Sauna\" target=\"_blank\" rel=\"noopener noreferrer\">saunasta<\/a>,\u00a0<\/span><a href=\"https:\/\/fi.wikipedia.org\/wiki\/Revontulet\" target=\"_blank\" rel=\"noopener noreferrer\">revontulista<\/a>\u00a0tai vaikka <a href=\"https:\/\/fi.wikipedia.org\/wiki\/Joulupukki\" target=\"_blank\" rel=\"noopener noreferrer\">Joulupukista<\/a>!<\/div>\n<div><\/div>\n<div>Samoja suomalaisia kuva-aiheita l\u00f6ytyy kortin kanssa hyvin yhteensopivasta \u201d<a href=\"https:\/\/minorpostcards.fi\/fi\/tuote\/tarrat\/oma-maa-tarra-arkki\/\" target=\"_blank\" rel=\"noopener\">Oma maa<\/a>\u201d \u2013 tarra-arkista ja \u201d<a href=\"https:\/\/minorpostcards.fi\/fi\/tuote\/muut\/washi-teipit\/oma-maa-washi-teippi\/\" target=\"_blank\" rel=\"noopener noreferrer\">Oma maa<\/a>\u201d \u2013 washi-teipist\u00e4<\/div>\n","protected":false},"excerpt":{"rendered":"<p>Postikortti.<\/p>\n","protected":false},"featured_media":4306,"template":"","meta":[],"product_brand":[],"product_cat":[19],"product_tag":[136,130,115],"class_list":{"0":"post-4307","1":"product","2":"type-product","3":"status-publish","4":"has-post-thumbnail","6":"product_cat-kortit","7":"product_tag-digitaaliset-kuvat","8":"product_tag-kartat","9":"product_tag-suomi","10":"product_shipping_class-cards","12":"first","13":"outofstock","14":"taxable","15":"shipping-taxable","16":"purchasable","17":"product-type-simple"},"_links":{"self":[{"href":"https:\/\/minorpostcards.fi\/fi\/wp-json\/wp\/v2\/product\/4307","targetHints":{"allow":["GET"]}}],"collection":[{"href":"https:\/\/minorpostcards.fi\/fi\/wp-json\/wp\/v2\/product"}],"about":[{"href":"https:\/\/minorpostcards.fi\/fi\/wp-json\/wp\/v2\/types\/product"}],"wp:featuredmedia":[{"embeddable":true,"href":"https:\/\/minorpostcards.fi\/fi\/wp-json\/wp\/v2\/media\/4306"}],"wp:attachment":[{"href":"https:\/\/minorpostcards.fi\/fi\/wp-json\/wp\/v2\/media?parent=4307"}],"wp:term":[{"taxonomy":"product_brand","embeddable":true,"href":"https:\/\/minorpostcards.fi\/fi\/wp-json\/wp\/v2\/product_brand?post=4307"},{"taxonomy":"product_cat","embeddable":true,"href":"https:\/\/minorpostcards.fi\/fi\/wp-json\/wp\/v2\/product_cat?post=4307"},{"taxonomy":"product_tag","embeddable":true,"href":"https:\/\/minorpostcards.fi\/fi\/wp-json\/wp\/v2\/product_tag?post=4307"}],"curies":[{"name":"wp","href":"https:\/\/api.w.org\/{rel}","templated":true}]}}