{"id":43589,"date":"2021-06-14T15:55:18","date_gmt":"2021-06-14T15:55:18","guid":{"rendered":"https:\/\/minorpostcards.fi\/?post_type=product&#038;p=43589"},"modified":"2026-04-17T08:43:21","modified_gmt":"2026-04-17T05:43:21","slug":"fi-kesamerkki-tarra-arkki","status":"publish","type":"product","link":"https:\/\/minorpostcards.fi\/fi\/tuote\/tarrat\/fi-kesamerkki-tarra-arkki\/","title":{"rendered":"FI Kes\u00e4merkki tarra-arkki"},"content":{"rendered":"<p>Arkki postimerkeilt\u00e4 n\u00e4ytt\u00e4vi\u00e4 tarroja!<\/p>\n<p>L\u00e4het\u00e4tk\u00f6 postikortteja kirjekuoressa ja kaipaat jotain t\u00e4ytt\u00e4m\u00e4\u00e4n tyhj\u00e4ksi j\u00e4\u00e4v\u00e4n postimerkin paikan? Tai k\u00e4yt\u00e4tk\u00f6 kirjeensulkijamerkkej\u00e4? Tai haluatko miittikirjaasi sopivia tarroja? N\u00e4m\u00e4 tarrat sopivat t\u00e4ydellisesti kaikkiin noihin tarkoituksiin ja moniin muihinkin. Postia n\u00e4ill\u00e4 ei voi l\u00e4hett\u00e4\u00e4 ja siksi ne on leimattu sinulle jo valmiiksi!<\/p>\n<p>Tarramateriaali on kiilt\u00e4v\u00e4pintainen ja tarrat sopivat hyvin korttien, kirjekuorien jne. koristeluun!<\/p>\n<p>Arkin koko on 9,5 cm x 12,5 cm ja siin\u00e4 on 16 tarraa.<\/p>\n","protected":false},"excerpt":{"rendered":"<p>Tarra-arkki.<\/p>\n","protected":false},"featured_media":43603,"template":"","meta":[],"product_brand":[],"product_cat":[173],"product_tag":[268,305,245],"class_list":{"0":"post-43589","1":"product","2":"type-product","3":"status-publish","4":"has-post-thumbnail","6":"product_cat-tarrat","7":"product_tag-postimerkit","8":"product_tag-sekalaiset","9":"product_tag-tarrat","10":"product_shipping_class-cards","12":"first","13":"instock","14":"taxable","15":"shipping-taxable","16":"purchasable","17":"product-type-simple"},"_links":{"self":[{"href":"https:\/\/minorpostcards.fi\/fi\/wp-json\/wp\/v2\/product\/43589","targetHints":{"allow":["GET"]}}],"collection":[{"href":"https:\/\/minorpostcards.fi\/fi\/wp-json\/wp\/v2\/product"}],"about":[{"href":"https:\/\/minorpostcards.fi\/fi\/wp-json\/wp\/v2\/types\/product"}],"wp:featuredmedia":[{"embeddable":true,"href":"https:\/\/minorpostcards.fi\/fi\/wp-json\/wp\/v2\/media\/43603"}],"wp:attachment":[{"href":"https:\/\/minorpostcards.fi\/fi\/wp-json\/wp\/v2\/media?parent=43589"}],"wp:term":[{"taxonomy":"product_brand","embeddable":true,"href":"https:\/\/minorpostcards.fi\/fi\/wp-json\/wp\/v2\/product_brand?post=43589"},{"taxonomy":"product_cat","embeddable":true,"href":"https:\/\/minorpostcards.fi\/fi\/wp-json\/wp\/v2\/product_cat?post=43589"},{"taxonomy":"product_tag","embeddable":true,"href":"https:\/\/minorpostcards.fi\/fi\/wp-json\/wp\/v2\/product_tag?post=43589"}],"curies":[{"name":"wp","href":"https:\/\/api.w.org\/{rel}","templated":true}]}}