{"id":4448,"date":"2015-11-21T16:18:21","date_gmt":"2015-11-21T16:18:21","guid":{"rendered":"http:\/\/minorpostcards.fi\/product\/uncategorized\/paivan-posti\/"},"modified":"2025-10-20T16:46:22","modified_gmt":"2025-10-20T13:46:22","slug":"paivan-posti","status":"publish","type":"product","link":"https:\/\/minorpostcards.fi\/fi\/tuote\/kortit\/paivan-posti\/","title":{"rendered":"P\u00e4iv\u00e4n posti"},"content":{"rendered":"<p>Risto-papan\u00a0Fordson Super Major 60-luvulta on viel\u00e4 toimintakunnossa, ja sill\u00e4 kelpaa vaikka hakea p\u00e4iv\u00e4n posti.<\/p>\n","protected":false},"excerpt":{"rendered":"<p>Postikortti.<\/p>\n","protected":false},"featured_media":4431,"template":"","meta":[],"product_brand":[],"product_cat":[19],"product_tag":[309,149,128,147,115],"class_list":{"0":"post-4448","1":"product","2":"type-product","3":"status-publish","4":"has-post-thumbnail","6":"product_cat-kortit","7":"product_tag-ajoneuvot-ja-liikenne","8":"product_tag-kesa","9":"product_tag-nostalgia","10":"product_tag-posti","11":"product_tag-suomi","12":"product_shipping_class-cards","14":"first","15":"outofstock","16":"taxable","17":"shipping-taxable","18":"purchasable","19":"product-type-simple"},"_links":{"self":[{"href":"https:\/\/minorpostcards.fi\/fi\/wp-json\/wp\/v2\/product\/4448","targetHints":{"allow":["GET"]}}],"collection":[{"href":"https:\/\/minorpostcards.fi\/fi\/wp-json\/wp\/v2\/product"}],"about":[{"href":"https:\/\/minorpostcards.fi\/fi\/wp-json\/wp\/v2\/types\/product"}],"wp:featuredmedia":[{"embeddable":true,"href":"https:\/\/minorpostcards.fi\/fi\/wp-json\/wp\/v2\/media\/4431"}],"wp:attachment":[{"href":"https:\/\/minorpostcards.fi\/fi\/wp-json\/wp\/v2\/media?parent=4448"}],"wp:term":[{"taxonomy":"product_brand","embeddable":true,"href":"https:\/\/minorpostcards.fi\/fi\/wp-json\/wp\/v2\/product_brand?post=4448"},{"taxonomy":"product_cat","embeddable":true,"href":"https:\/\/minorpostcards.fi\/fi\/wp-json\/wp\/v2\/product_cat?post=4448"},{"taxonomy":"product_tag","embeddable":true,"href":"https:\/\/minorpostcards.fi\/fi\/wp-json\/wp\/v2\/product_tag?post=4448"}],"curies":[{"name":"wp","href":"https:\/\/api.w.org\/{rel}","templated":true}]}}