{"id":4450,"date":"2015-11-21T16:23:18","date_gmt":"2015-11-21T16:23:18","guid":{"rendered":"http:\/\/minorpostcards.fi\/product\/uncategorized\/metrokartta\/"},"modified":"2026-02-17T09:10:51","modified_gmt":"2026-02-17T07:10:51","slug":"metrokartta","status":"publish","type":"product","link":"https:\/\/minorpostcards.fi\/fi\/tuote\/kortit\/metrokartta\/","title":{"rendered":"Metrokartta"},"content":{"rendered":"<div>Vuonna 1982 avattu Helsingin metro on maailman pohjoisin metroj\u00e4rjestelm\u00e4. Sen\u00a0pituus on vain 21,1 kilometri\u00e4 mutta jatkoreittej\u00e4 on suunnitteilla, esim. l\u00e4nteen Espoon suuntaan tulevalla noin 14 km:n reitill\u00e4\u00a0pit\u00e4isi liikenn\u00f6innin alkaa syksyll\u00e4\u00a02016&#8230;. tai 2017&#8230; tai my\u00f6hemmin&#8230;.<\/div>\n<div>L\u00e4nsimetro otettiin vihdoinkin k\u00e4ytt\u00f6\u00f6n 18. marraskuuta 2017!<\/div>\n<div>Metroliikenteest\u00e4 vastaa HKL-Metroliikenne, joka on osa Helsingin kaupungin liikennelaitosta.<\/div>\n<div><a href=\"https:\/\/fi.wikipedia.org\/wiki\/Helsingin_metro\" target=\"_blank\" rel=\"noopener noreferrer\">https:\/\/fi.wikipedia.org\/wiki\/Helsingin_metro<\/a><\/div>\n<div>\u00a0<\/div>\n<div>Korttikuva p\u00e4ivitettiin marraskuussa 2020.<\/div>\n","protected":false},"excerpt":{"rendered":"<p>Yksitt\u00e4inen postikortti.<\/p>\n","protected":false},"featured_media":36462,"template":"","meta":[],"product_brand":[],"product_cat":[19],"product_tag":[309,130,115,122],"class_list":{"0":"post-4450","1":"product","2":"type-product","3":"status-publish","4":"has-post-thumbnail","6":"product_cat-kortit","7":"product_tag-ajoneuvot-ja-liikenne","8":"product_tag-kartat","9":"product_tag-suomi","10":"product_tag-tekstit","11":"product_shipping_class-cards","13":"first","14":"outofstock","15":"taxable","16":"shipping-taxable","17":"purchasable","18":"product-type-simple"},"_links":{"self":[{"href":"https:\/\/minorpostcards.fi\/fi\/wp-json\/wp\/v2\/product\/4450","targetHints":{"allow":["GET"]}}],"collection":[{"href":"https:\/\/minorpostcards.fi\/fi\/wp-json\/wp\/v2\/product"}],"about":[{"href":"https:\/\/minorpostcards.fi\/fi\/wp-json\/wp\/v2\/types\/product"}],"wp:featuredmedia":[{"embeddable":true,"href":"https:\/\/minorpostcards.fi\/fi\/wp-json\/wp\/v2\/media\/36462"}],"wp:attachment":[{"href":"https:\/\/minorpostcards.fi\/fi\/wp-json\/wp\/v2\/media?parent=4450"}],"wp:term":[{"taxonomy":"product_brand","embeddable":true,"href":"https:\/\/minorpostcards.fi\/fi\/wp-json\/wp\/v2\/product_brand?post=4450"},{"taxonomy":"product_cat","embeddable":true,"href":"https:\/\/minorpostcards.fi\/fi\/wp-json\/wp\/v2\/product_cat?post=4450"},{"taxonomy":"product_tag","embeddable":true,"href":"https:\/\/minorpostcards.fi\/fi\/wp-json\/wp\/v2\/product_tag?post=4450"}],"curies":[{"name":"wp","href":"https:\/\/api.w.org\/{rel}","templated":true}]}}