{"id":4459,"date":"2009-05-02T12:00:50","date_gmt":"2015-11-21T16:44:50","guid":{"rendered":"http:\/\/minorpostcards.fi\/product\/uncategorized\/iloista-joulua\/"},"modified":"2025-11-07T21:35:30","modified_gmt":"2025-11-07T19:35:30","slug":"iloista-joulua","status":"publish","type":"product","link":"https:\/\/minorpostcards.fi\/fi\/tuote\/kortit\/iloista-joulua\/","title":{"rendered":"Iloista Joulua!"},"content":{"rendered":"<p>Perinteiset kuusenkoristeet Suomessa ovat olleet kynttil\u00e4t ja itsetehdyt lippunauhat. Kuvan lippunauhan tekiv\u00e4t appivanhemmat ensimm\u00e4isen\u00e4 yhteisen\u00e4 joulunaan 1960 ja se ollut k\u00e4yt\u00f6ss\u00e4 joka joulu sen j\u00e4lkeen.<br \/>\nTyt\u00f6n p\u00e4\u00e4ll\u00e4 on 1920-luvulta per\u00e4sin oleva kansallispukumalli jota nimitettiin sen valmistuttua Jyv\u00e4skyl\u00e4n seudun kansallispuvuksi. My\u00f6hemmin pukua on alettu kutsua Keski-Suomen kansallispuvuksi.<\/p>\n","protected":false},"excerpt":{"rendered":"<p>Yksitt\u00e4inen postikortti.<\/p>\n","protected":false},"featured_media":4443,"template":"","meta":[],"product_brand":[],"product_cat":[19],"product_tag":[124,285,287,128,115],"class_list":{"0":"post-4459","1":"product","2":"type-product","3":"status-publish","4":"has-post-thumbnail","6":"product_cat-kortit","7":"product_tag-ihmiset","8":"product_tag-joulu","9":"product_tag-kansallispuvut","10":"product_tag-nostalgia","11":"product_tag-suomi","12":"product_shipping_class-cards","14":"first","15":"instock","16":"taxable","17":"shipping-taxable","18":"purchasable","19":"product-type-simple"},"_links":{"self":[{"href":"https:\/\/minorpostcards.fi\/fi\/wp-json\/wp\/v2\/product\/4459","targetHints":{"allow":["GET"]}}],"collection":[{"href":"https:\/\/minorpostcards.fi\/fi\/wp-json\/wp\/v2\/product"}],"about":[{"href":"https:\/\/minorpostcards.fi\/fi\/wp-json\/wp\/v2\/types\/product"}],"wp:featuredmedia":[{"embeddable":true,"href":"https:\/\/minorpostcards.fi\/fi\/wp-json\/wp\/v2\/media\/4443"}],"wp:attachment":[{"href":"https:\/\/minorpostcards.fi\/fi\/wp-json\/wp\/v2\/media?parent=4459"}],"wp:term":[{"taxonomy":"product_brand","embeddable":true,"href":"https:\/\/minorpostcards.fi\/fi\/wp-json\/wp\/v2\/product_brand?post=4459"},{"taxonomy":"product_cat","embeddable":true,"href":"https:\/\/minorpostcards.fi\/fi\/wp-json\/wp\/v2\/product_cat?post=4459"},{"taxonomy":"product_tag","embeddable":true,"href":"https:\/\/minorpostcards.fi\/fi\/wp-json\/wp\/v2\/product_tag?post=4459"}],"curies":[{"name":"wp","href":"https:\/\/api.w.org\/{rel}","templated":true}]}}