{"id":4460,"date":"2015-11-21T16:49:13","date_gmt":"2015-11-21T16:49:13","guid":{"rendered":"http:\/\/minorpostcards.fi\/product\/uncategorized\/kaneliset-korvapuustit\/"},"modified":"2026-04-17T17:07:45","modified_gmt":"2026-04-17T14:07:45","slug":"kaneliset-korvapuustit","status":"publish","type":"product","link":"https:\/\/minorpostcards.fi\/fi\/tuote\/kortit\/kaneliset-korvapuustit\/","title":{"rendered":"Kaneliset korvapuustit"},"content":{"rendered":"<div>\n<div>\n<div>Korvapuustit ovat monelle suomalaiselle se paras pullavaihtoehto &#8211; ja suoraan pellilt\u00e4 nautittuna l\u00e4mpimin\u00e4 kylm\u00e4n maidon kanssa!<\/div>\n<\/div>\n<div><\/div>\n<div>Pullataikinan ohje:<\/div>\n<div>5 dl maitoa<\/div>\n<div>1-2 kananmunaa<\/div>\n<\/div>\n<div>2 dl sokeria<\/div>\n<div>1 rkl kardemummaa<\/div>\n<div>1-1,5 tl suolaa<\/div>\n<div>2 pussia kuivahiivaa tai 50 g tuorehiivaa<\/div>\n<div>noin 1,5 l vehn\u00e4jauhoja (noin 1,1 kg)<\/div>\n<div>\n<div>200 g voita tai margariinia<\/div>\n<p>VOITELUUN:<br \/>\nkananmunaa<\/p>\n<p>1. Jos k\u00e4yt\u00e4t leivontaan tuoretta hiivaa, l\u00e4mmit\u00e4 maito k\u00e4denl\u00e4mp\u00f6iseksi ja murenna hiiva nesteeseen. Jos k\u00e4yt\u00e4t pullataikinaan kuivahiivaa, nesteen on oltava reilusti k\u00e4tt\u00e4 l\u00e4mpim\u00e4mp\u00e4\u00e4 (noin 42 astetta) ja kuivahiiva sekoitetaan jauhoihin. Lis\u00e4\u00e4 joukkoon kananmunat, sokeri, kardemumma ja suola. Sekoita kuivahiiva pieneen m\u00e4\u00e4r\u00e4\u00e4n vehn\u00e4jauhoja ja lis\u00e4\u00e4 jauhot taikinaan. Alusta pullataikina kimmoisaksi lis\u00e4\u00e4m\u00e4ll\u00e4 v\u00e4hitellen vehn\u00e4jauhoja. Lis\u00e4\u00e4 alustamisen loppuvaiheessa pehme\u00e4 rasva. Vaivaa pullataikinaa, kunnes se irtoaa taikinakulhon reunoista ja leipurin k\u00e4dest\u00e4.<\/p>\n<\/div>\n<div>\n<p>2. Kohota pullataikinaa l\u00e4mpim\u00e4ss\u00e4 paikassa, kunnes se l\u00e4hes kaksinkertaistuu tilavuudeltaan.<\/p>\n<p>3. Leivo taikinasta pullia leivinpaperille ja peit\u00e4 ne leivinliinalla. Anna taas kohota.<\/p>\n<p>4. Voitele pullat ennen paistamista kananmunalla ja koristele mantelilastuilla, raesokerilla, rusinoilla tms.<\/p>\n<p>5. Paista pullat 225 asteessa uunin keskitasossa noin 15 minuuttia tai kunnes pullan pinta ja pohja ovat kauniin vaaleanruskeat.<\/p>\n<\/div>\n","protected":false},"excerpt":{"rendered":"<p>Postikortti.<\/p>\n","protected":false},"featured_media":4435,"template":"","meta":[],"product_brand":[],"product_cat":[19],"product_tag":[194,137,115,122],"class_list":{"0":"post-4460","1":"product","2":"type-product","3":"status-publish","4":"has-post-thumbnail","6":"product_cat-kortit","7":"product_tag-reseptit","8":"product_tag-ruoka","9":"product_tag-suomi","10":"product_tag-tekstit","11":"product_shipping_class-cards","13":"first","14":"instock","15":"taxable","16":"shipping-taxable","17":"purchasable","18":"product-type-simple"},"_links":{"self":[{"href":"https:\/\/minorpostcards.fi\/fi\/wp-json\/wp\/v2\/product\/4460","targetHints":{"allow":["GET"]}}],"collection":[{"href":"https:\/\/minorpostcards.fi\/fi\/wp-json\/wp\/v2\/product"}],"about":[{"href":"https:\/\/minorpostcards.fi\/fi\/wp-json\/wp\/v2\/types\/product"}],"wp:featuredmedia":[{"embeddable":true,"href":"https:\/\/minorpostcards.fi\/fi\/wp-json\/wp\/v2\/media\/4435"}],"wp:attachment":[{"href":"https:\/\/minorpostcards.fi\/fi\/wp-json\/wp\/v2\/media?parent=4460"}],"wp:term":[{"taxonomy":"product_brand","embeddable":true,"href":"https:\/\/minorpostcards.fi\/fi\/wp-json\/wp\/v2\/product_brand?post=4460"},{"taxonomy":"product_cat","embeddable":true,"href":"https:\/\/minorpostcards.fi\/fi\/wp-json\/wp\/v2\/product_cat?post=4460"},{"taxonomy":"product_tag","embeddable":true,"href":"https:\/\/minorpostcards.fi\/fi\/wp-json\/wp\/v2\/product_tag?post=4460"}],"curies":[{"name":"wp","href":"https:\/\/api.w.org\/{rel}","templated":true}]}}