{"id":46906,"date":"2021-09-13T11:31:46","date_gmt":"2021-09-13T11:31:48","guid":{"rendered":"https:\/\/minorpostcards.fi\/?post_type=product&#038;p=46906"},"modified":"2026-03-24T12:13:53","modified_gmt":"2026-03-24T10:13:53","slug":"meheva-kaalilaatikko","status":"publish","type":"product","link":"https:\/\/minorpostcards.fi\/fi\/tuote\/kortit\/meheva-kaalilaatikko\/","title":{"rendered":"Mehev\u00e4 kaalilaatikko"},"content":{"rendered":"<p>Kaalilaatikko on sellainen ruoka, josta pit\u00e4\u00e4 todella paljon tai ei voi siet\u00e4\u00e4 ollenkaan. Mehev\u00e4n laatikon salaisuus on pitk\u00e4 hauduttaminen matalassa l\u00e4mp\u00f6tilassa; toki ruoka on sy\u00f6t\u00e4v\u00e4\u00e4 jo lyhyemm\u00e4ll\u00e4kin paistamisella. Kasvisruoan laatikosta saa, kun jauhelihan korvaa soijarouheella tms. kasviproteiinilla. T\u00e4t\u00e4 ruokaa kannattaa tehd\u00e4 kerralla reilu satsi, koska kaalilaatikkohan vain paranee, kun sit\u00e4 l\u00e4mmitt\u00e4\u00e4!<\/p>\n","protected":false},"excerpt":{"rendered":"<p>Postikortti.<\/p>\n","protected":false},"featured_media":46908,"template":"","meta":[],"product_brand":[],"product_cat":[19],"product_tag":[194,137,122],"class_list":{"0":"post-46906","1":"product","2":"type-product","3":"status-publish","4":"has-post-thumbnail","6":"product_cat-kortit","7":"product_tag-reseptit","8":"product_tag-ruoka","9":"product_tag-tekstit","10":"product_shipping_class-cards","12":"first","13":"instock","14":"taxable","15":"shipping-taxable","16":"purchasable","17":"product-type-simple"},"_links":{"self":[{"href":"https:\/\/minorpostcards.fi\/fi\/wp-json\/wp\/v2\/product\/46906","targetHints":{"allow":["GET"]}}],"collection":[{"href":"https:\/\/minorpostcards.fi\/fi\/wp-json\/wp\/v2\/product"}],"about":[{"href":"https:\/\/minorpostcards.fi\/fi\/wp-json\/wp\/v2\/types\/product"}],"wp:featuredmedia":[{"embeddable":true,"href":"https:\/\/minorpostcards.fi\/fi\/wp-json\/wp\/v2\/media\/46908"}],"wp:attachment":[{"href":"https:\/\/minorpostcards.fi\/fi\/wp-json\/wp\/v2\/media?parent=46906"}],"wp:term":[{"taxonomy":"product_brand","embeddable":true,"href":"https:\/\/minorpostcards.fi\/fi\/wp-json\/wp\/v2\/product_brand?post=46906"},{"taxonomy":"product_cat","embeddable":true,"href":"https:\/\/minorpostcards.fi\/fi\/wp-json\/wp\/v2\/product_cat?post=46906"},{"taxonomy":"product_tag","embeddable":true,"href":"https:\/\/minorpostcards.fi\/fi\/wp-json\/wp\/v2\/product_tag?post=46906"}],"curies":[{"name":"wp","href":"https:\/\/api.w.org\/{rel}","templated":true}]}}