{"id":4693,"date":"2016-03-05T12:42:44","date_gmt":"2016-03-05T12:42:44","guid":{"rendered":"http:\/\/minorpostcards.fi\/product\/uncategorized\/id-saksa-10-tarra-arkki\/"},"modified":"2023-08-02T20:29:57","modified_gmt":"2023-08-02T17:29:57","slug":"id-saksa-16-tarra-arkki-kiiltava","status":"publish","type":"product","link":"https:\/\/minorpostcards.fi\/fi\/tuote\/tarrat\/id-saksa-16-tarra-arkki-kiiltava\/","title":{"rendered":"ID Saksa 16 tarra-arkki kiilt\u00e4v\u00e4"},"content":{"rendered":"<p>Saksalainen versio ID tarroista! Tarraan voi kirjoittaa \u00a0<a href=\"https:\/\/www.postcrossing.com\/about\" target=\"_blank\" rel=\"noopener noreferrer\">Postcrossing<\/a> ID numeron \u00a0ja p\u00e4iv\u00e4yksen\u00a0ja\u00a0merkit\u00e4\u00a0miss\u00e4p\u00e4in Saksaa asuu. Materiaali on kiilt\u00e4v\u00e4pintaista tarraa ja mustekyn\u00e4n kirjoitus pysyy siin\u00e4 oikein hyvin.\u00a0Useimmat kyn\u00e4t my\u00f6s kirjoittavat hyvin tarralle, mutta kynien kirjoittamisessa kiilt\u00e4v\u00e4lle pinnalle voi olla eroja ja kyn\u00e4\u00e4 kannattaakin testata arkin reunoihin ennenkuin kirjoittaa virallista koodia. Tarran liima on kest\u00e4v\u00e4\u00e4 eik\u00e4 irtoa kortista helposti, joten niit\u00e4 on turvallista k\u00e4ytt\u00e4\u00e4.\u00a0Pienet tarrat sopivat t\u00e4ydellisesti kortteihin, kirjoitukselle j\u00e4\u00e4 my\u00f6s paljon\u00a0tilaa. Arkin koko on 9,5 cm x 12,5 cm ja siin\u00e4 on 10 tarraa, yksitt\u00e4isten tarrojen koko on 1,3 cm x 4,1\u00a0cm.<\/p>\n","protected":false},"excerpt":{"rendered":"<p>Tarra-arkki.<\/p>\n","protected":false},"featured_media":81235,"template":"","meta":[],"product_brand":[],"product_cat":[173],"product_tag":[275,305,245],"class_list":{"0":"post-4693","1":"product","2":"type-product","3":"status-publish","4":"has-post-thumbnail","6":"product_cat-tarrat","7":"product_tag-postcrossing-fi","8":"product_tag-sekalaiset","9":"product_tag-tarrat","10":"product_shipping_class-cards","12":"first","13":"instock","14":"taxable","15":"shipping-taxable","16":"purchasable","17":"product-type-simple"},"_links":{"self":[{"href":"https:\/\/minorpostcards.fi\/fi\/wp-json\/wp\/v2\/product\/4693","targetHints":{"allow":["GET"]}}],"collection":[{"href":"https:\/\/minorpostcards.fi\/fi\/wp-json\/wp\/v2\/product"}],"about":[{"href":"https:\/\/minorpostcards.fi\/fi\/wp-json\/wp\/v2\/types\/product"}],"wp:featuredmedia":[{"embeddable":true,"href":"https:\/\/minorpostcards.fi\/fi\/wp-json\/wp\/v2\/media\/81235"}],"wp:attachment":[{"href":"https:\/\/minorpostcards.fi\/fi\/wp-json\/wp\/v2\/media?parent=4693"}],"wp:term":[{"taxonomy":"product_brand","embeddable":true,"href":"https:\/\/minorpostcards.fi\/fi\/wp-json\/wp\/v2\/product_brand?post=4693"},{"taxonomy":"product_cat","embeddable":true,"href":"https:\/\/minorpostcards.fi\/fi\/wp-json\/wp\/v2\/product_cat?post=4693"},{"taxonomy":"product_tag","embeddable":true,"href":"https:\/\/minorpostcards.fi\/fi\/wp-json\/wp\/v2\/product_tag?post=4693"}],"curies":[{"name":"wp","href":"https:\/\/api.w.org\/{rel}","templated":true}]}}