{"id":46962,"date":"2021-09-14T15:27:14","date_gmt":"2021-09-14T15:27:14","guid":{"rendered":"https:\/\/minorpostcards.fi\/?post_type=product&#038;p=46962"},"modified":"2026-02-15T19:38:28","modified_gmt":"2026-02-15T17:38:28","slug":"keskiajan-kivinen-raaseporin-linna","status":"publish","type":"product","link":"https:\/\/minorpostcards.fi\/fi\/tuote\/kortit\/keskiajan-kivinen-raaseporin-linna\/","title":{"rendered":"Keskiajan kivinen Raaseporin linna"},"content":{"rendered":"<p>Raaseporin linna rakennettiin ristiretkien aikaan, 1370-luvulla. Se sijaitsee Raaseporin Snappertunassa, ja oli aikoinaan Raaseporin joessa olleella kalliosaarella. Se oli t\u00e4rke\u00e4 hallintokeskus eli Ruotsin kuninkaan sotav\u00e4en tukikohta ja kaupank\u00e4ynnin keskus Suomessa. Linnan loistokausi oli 1400-luvulla, jolloin kuningas Kaarle Knuutinpoika vietti siell\u00e4 huviel\u00e4m\u00e4\u00e4. Helsingin perustaminen v\u00e4hensi Raaseporin merkityst\u00e4 ja se hyl\u00e4ttiin 1500-luvun puoliv\u00e4liss\u00e4, jonka j\u00e4lkeen linna alkoi raunioitua. Kuitenkin alue ja sen nimi s\u00e4ilyiv\u00e4t ja Raaseporista tuli kreivikunta kuningas Juhana III aikana. Jo1800-luvulla linnaa on restauroitu ja viimeisin restaurointi tehtiin 1980-luvun lopulla. Linnan alueellaj\u00e4rjestet\u00e4\u00e4n tapahtumia ja se on kes\u00e4isin auki vierailijoille. <\/p>\n","protected":false},"excerpt":{"rendered":"<p>Postikortti.<\/p>\n","protected":false},"featured_media":46964,"template":"","meta":[],"product_brand":[],"product_cat":[19],"product_tag":[130,329,126,115],"class_list":{"0":"post-46962","1":"product","2":"type-product","3":"status-publish","4":"has-post-thumbnail","6":"product_cat-kortit","7":"product_tag-kartat","8":"product_tag-linnat","9":"product_tag-maisemat","10":"product_tag-suomi","11":"product_shipping_class-cards","13":"first","14":"instock","15":"taxable","16":"shipping-taxable","17":"purchasable","18":"product-type-simple"},"_links":{"self":[{"href":"https:\/\/minorpostcards.fi\/fi\/wp-json\/wp\/v2\/product\/46962","targetHints":{"allow":["GET"]}}],"collection":[{"href":"https:\/\/minorpostcards.fi\/fi\/wp-json\/wp\/v2\/product"}],"about":[{"href":"https:\/\/minorpostcards.fi\/fi\/wp-json\/wp\/v2\/types\/product"}],"wp:featuredmedia":[{"embeddable":true,"href":"https:\/\/minorpostcards.fi\/fi\/wp-json\/wp\/v2\/media\/46964"}],"wp:attachment":[{"href":"https:\/\/minorpostcards.fi\/fi\/wp-json\/wp\/v2\/media?parent=46962"}],"wp:term":[{"taxonomy":"product_brand","embeddable":true,"href":"https:\/\/minorpostcards.fi\/fi\/wp-json\/wp\/v2\/product_brand?post=46962"},{"taxonomy":"product_cat","embeddable":true,"href":"https:\/\/minorpostcards.fi\/fi\/wp-json\/wp\/v2\/product_cat?post=46962"},{"taxonomy":"product_tag","embeddable":true,"href":"https:\/\/minorpostcards.fi\/fi\/wp-json\/wp\/v2\/product_tag?post=46962"}],"curies":[{"name":"wp","href":"https:\/\/api.w.org\/{rel}","templated":true}]}}