{"id":46966,"date":"2021-09-14T15:33:56","date_gmt":"2021-09-14T15:33:57","guid":{"rendered":"https:\/\/minorpostcards.fi\/?post_type=product&#038;p=46966"},"modified":"2025-11-27T11:26:56","modified_gmt":"2025-11-27T09:26:56","slug":"nelja-vuodenaikaa-syksy","status":"publish","type":"product","link":"https:\/\/minorpostcards.fi\/fi\/tuote\/kortit\/nelja-vuodenaikaa-syksy\/","title":{"rendered":"Nelj\u00e4 vuodenaikaa \u2013 Syksy"},"content":{"rendered":"<p>Jokaisella vuodenajalla on omat hyv\u00e4t ja huonot puolensa. Monet pit\u00e4v\u00e4t syksyst\u00e4 eniten, koska silloin ilma viilenee ja v\u00e4rik\u00e4s ruska valtaa maisemat. <\/p>\n<p>T\u00e4htitieteellisen m\u00e4\u00e4ritelm\u00e4n mukaan syksy on t\u00e4ll\u00e4 pallonpuoliskolla syysp\u00e4iv\u00e4ntasauksen ja talvip\u00e4iv\u00e4n seisauksen v\u00e4linen aika.<\/p>\n<p>Etel\u00e4isell\u00e4 pallonpuoliskolla syksy on kev\u00e4tp\u00e4iv\u00e4ntasauksen ja kes\u00e4p\u00e4iv\u00e4n seisauksen v\u00e4linen aika. Meteorologit m\u00e4\u00e4rittelev\u00e4t syksyn l\u00e4mp\u00f6tilan mukaan ja terminen syksy alkaa, kun vuorokauden keskil\u00e4mp\u00f6tila laskee usean vuorokauden ajaksi per\u00e4kk\u00e4in +10 asteen alapuolelle, ja p\u00e4\u00e4ttyy, kun keskil\u00e4mp\u00f6tila laskee nollan alapuolelle. Syksyisin s\u00e4\u00e4tilat vaihtelevat suuresti ja k\u00e4ytt\u00f6\u00f6n on vakiintunut l\u00e4mp\u00f6summaan perustuva vuodenajan m\u00e4\u00e4ritys.<\/p>\n<p>Syksyyn kuuluu mm. syysmyrskyt ja niiden aiheuttamat s\u00e4hk\u00f6katkot maaseudulla, ruska, marjastus, sienestys ja muuttolintujen l\u00e4hteminen Suomesta.<\/p>\n<p><span style=\"font-weight: 400;\">T\u00e4ss\u00e4 kortissa on tavallisuudesta poikkeava mattapinnoite. Sen ansiosta kortin pinta tuntuu pehme\u00e4lle, melkein kankaiselle, ja sit\u00e4 voi hypistell\u00e4 vapaasti koska pintaan ei j\u00e4\u00e4 sormenj\u00e4lki\u00e4! <\/span><\/p>\n","protected":false},"excerpt":{"rendered":"<p>Postikortti.<\/p>\n","protected":false},"featured_media":47019,"template":"","meta":[],"product_brand":[],"product_cat":[19],"product_tag":[126,304,115,191],"class_list":{"0":"post-46966","1":"product","2":"type-product","3":"status-publish","4":"has-post-thumbnail","6":"product_cat-kortit","7":"product_tag-maisemat","8":"product_tag-mattapinta","9":"product_tag-suomi","10":"product_tag-syksy","11":"product_shipping_class-cards","13":"first","14":"instock","15":"taxable","16":"shipping-taxable","17":"purchasable","18":"product-type-simple"},"_links":{"self":[{"href":"https:\/\/minorpostcards.fi\/fi\/wp-json\/wp\/v2\/product\/46966","targetHints":{"allow":["GET"]}}],"collection":[{"href":"https:\/\/minorpostcards.fi\/fi\/wp-json\/wp\/v2\/product"}],"about":[{"href":"https:\/\/minorpostcards.fi\/fi\/wp-json\/wp\/v2\/types\/product"}],"wp:featuredmedia":[{"embeddable":true,"href":"https:\/\/minorpostcards.fi\/fi\/wp-json\/wp\/v2\/media\/47019"}],"wp:attachment":[{"href":"https:\/\/minorpostcards.fi\/fi\/wp-json\/wp\/v2\/media?parent=46966"}],"wp:term":[{"taxonomy":"product_brand","embeddable":true,"href":"https:\/\/minorpostcards.fi\/fi\/wp-json\/wp\/v2\/product_brand?post=46966"},{"taxonomy":"product_cat","embeddable":true,"href":"https:\/\/minorpostcards.fi\/fi\/wp-json\/wp\/v2\/product_cat?post=46966"},{"taxonomy":"product_tag","embeddable":true,"href":"https:\/\/minorpostcards.fi\/fi\/wp-json\/wp\/v2\/product_tag?post=46966"}],"curies":[{"name":"wp","href":"https:\/\/api.w.org\/{rel}","templated":true}]}}