{"id":46999,"date":"2021-09-14T18:28:31","date_gmt":"2021-09-14T18:28:31","guid":{"rendered":"https:\/\/minorpostcards.fi\/?post_type=product&#038;p=46999"},"modified":"2026-04-11T14:07:56","modified_gmt":"2026-04-11T11:07:56","slug":"suomikartta-suo","status":"publish","type":"product","link":"https:\/\/minorpostcards.fi\/fi\/tuote\/kortit\/suomikartta-suo\/","title":{"rendered":"Suomikartta: suo"},"content":{"rendered":"<p>Suomi on suoalaltaan maailman kuudenneksi soisin maa. Soita on Suomen pinta-alasta 15-26 % eli 9-10 milj. hehtaaria. Suon pinta-alatieto vaihtelee eri m\u00e4\u00e4rittelytapojen takia. Alle puolet suoalasta on luonnontilassa ja siit\u00e4 suojeltua aluetta on 1,2 milj. hehtaaria (n. 13 %). Suoalueet kuuluvat suomalaiseen maisemaan erityisesti Pohjois-Suomessa.<\/p>\n","protected":false},"excerpt":{"rendered":"<p>Postikortti.<\/p>\n","protected":false},"featured_media":47001,"template":"","meta":[],"product_brand":[],"product_cat":[19],"product_tag":[130,126,115,191],"class_list":{"0":"post-46999","1":"product","2":"type-product","3":"status-publish","4":"has-post-thumbnail","6":"product_cat-kortit","7":"product_tag-kartat","8":"product_tag-maisemat","9":"product_tag-suomi","10":"product_tag-syksy","11":"product_shipping_class-cards","13":"first","14":"outofstock","15":"taxable","16":"shipping-taxable","17":"purchasable","18":"product-type-simple"},"_links":{"self":[{"href":"https:\/\/minorpostcards.fi\/fi\/wp-json\/wp\/v2\/product\/46999","targetHints":{"allow":["GET"]}}],"collection":[{"href":"https:\/\/minorpostcards.fi\/fi\/wp-json\/wp\/v2\/product"}],"about":[{"href":"https:\/\/minorpostcards.fi\/fi\/wp-json\/wp\/v2\/types\/product"}],"wp:featuredmedia":[{"embeddable":true,"href":"https:\/\/minorpostcards.fi\/fi\/wp-json\/wp\/v2\/media\/47001"}],"wp:attachment":[{"href":"https:\/\/minorpostcards.fi\/fi\/wp-json\/wp\/v2\/media?parent=46999"}],"wp:term":[{"taxonomy":"product_brand","embeddable":true,"href":"https:\/\/minorpostcards.fi\/fi\/wp-json\/wp\/v2\/product_brand?post=46999"},{"taxonomy":"product_cat","embeddable":true,"href":"https:\/\/minorpostcards.fi\/fi\/wp-json\/wp\/v2\/product_cat?post=46999"},{"taxonomy":"product_tag","embeddable":true,"href":"https:\/\/minorpostcards.fi\/fi\/wp-json\/wp\/v2\/product_tag?post=46999"}],"curies":[{"name":"wp","href":"https:\/\/api.w.org\/{rel}","templated":true}]}}