{"id":47007,"date":"2021-09-14T18:38:20","date_gmt":"2021-09-14T18:38:21","guid":{"rendered":"https:\/\/minorpostcards.fi\/?post_type=product&#038;p=47007"},"modified":"2024-02-06T09:13:11","modified_gmt":"2024-02-06T07:13:11","slug":"rasymatto","status":"publish","type":"product","link":"https:\/\/minorpostcards.fi\/fi\/tuote\/kortit\/rasymatto\/","title":{"rendered":"R\u00e4symatto"},"content":{"rendered":"<p>R\u00e4symattoja on kudottu kauan ja perinteisesti ne ovat raidallisia. Kuteina on k\u00e4ytetty vanhoja vaatteita, lakanoita ja muita k\u00e4yt\u00f6st\u00e4 pois j\u00e4\u00e4neit\u00e4 tekstiilej\u00e4. Kirjavat matot ovat k\u00e4yt\u00f6ss\u00e4 kauniita ja niiden raitojen kankaista voi tulla mieleen paljon muistoja.<\/p>\n<p>Korttikuva on <a href=\"https:\/\/www.facebook.com\/pages\/category\/Home-Decor\/R%C3%A4symattovarasto-102427958561467\/\" rel=\"noopener\" target=\"_blank\">R\u00e4symattovarasto<\/a>n tuotekuva ja sen on ottanut Sanna Hiltula.<\/p>\n","protected":false},"excerpt":{"rendered":"<p>Postikortti.<\/p>\n","protected":false},"featured_media":47009,"template":"","meta":[],"product_brand":[],"product_cat":[19],"product_tag":[298,128],"class_list":{"0":"post-47007","1":"product","2":"type-product","3":"status-publish","4":"has-post-thumbnail","6":"product_cat-kortit","7":"product_tag-kasityot-ja-harrastukset","8":"product_tag-nostalgia","9":"product_shipping_class-cards","11":"first","12":"outofstock","13":"taxable","14":"shipping-taxable","15":"purchasable","16":"product-type-simple"},"_links":{"self":[{"href":"https:\/\/minorpostcards.fi\/fi\/wp-json\/wp\/v2\/product\/47007","targetHints":{"allow":["GET"]}}],"collection":[{"href":"https:\/\/minorpostcards.fi\/fi\/wp-json\/wp\/v2\/product"}],"about":[{"href":"https:\/\/minorpostcards.fi\/fi\/wp-json\/wp\/v2\/types\/product"}],"wp:featuredmedia":[{"embeddable":true,"href":"https:\/\/minorpostcards.fi\/fi\/wp-json\/wp\/v2\/media\/47009"}],"wp:attachment":[{"href":"https:\/\/minorpostcards.fi\/fi\/wp-json\/wp\/v2\/media?parent=47007"}],"wp:term":[{"taxonomy":"product_brand","embeddable":true,"href":"https:\/\/minorpostcards.fi\/fi\/wp-json\/wp\/v2\/product_brand?post=47007"},{"taxonomy":"product_cat","embeddable":true,"href":"https:\/\/minorpostcards.fi\/fi\/wp-json\/wp\/v2\/product_cat?post=47007"},{"taxonomy":"product_tag","embeddable":true,"href":"https:\/\/minorpostcards.fi\/fi\/wp-json\/wp\/v2\/product_tag?post=47007"}],"curies":[{"name":"wp","href":"https:\/\/api.w.org\/{rel}","templated":true}]}}