{"id":4739,"date":"2016-03-20T17:44:57","date_gmt":"2016-03-20T17:44:57","guid":{"rendered":"http:\/\/minorpostcards.fi\/product\/uncategorized\/economy-tarra-arkki\/"},"modified":"2026-04-24T11:06:29","modified_gmt":"2026-04-24T08:06:29","slug":"economy-tarra-arkki","status":"publish","type":"product","link":"https:\/\/minorpostcards.fi\/fi\/tuote\/tarrat\/economy-tarra-arkki\/","title":{"rendered":"Economy tarra-arkki"},"content":{"rendered":"<p>Hieman uudistettu arkki erilaisia Economy-tarroja! Kun l\u00e4het\u00e4t kirjeesi tai postikorttisi 2. luokassa ulkomaille, pit\u00e4\u00e4 se merkit\u00e4 Economy-tarralla. N\u00e4ill\u00e4 erilaisilla tekstitarroilla postisi\u00a0erottuu muiden joukosta!\u00a0Tarra kiilt\u00e4\u00e4 kivasti ja on sopivan pieni, jolloin postimerkille\u00a0j\u00e4\u00e4 hyvin tilaa erityisesti kortissa.<\/p>\n<p>Arkin koko on 9,5 cm x 12,5 cm, ja siin\u00e4 on nyt 35 erilaista tarraa l\u00e4hetett\u00e4v\u00e4ksi maailmalle!<\/p>\n","protected":false},"excerpt":{"rendered":"<p>Tarra-arkki.<\/p>\n","protected":false},"featured_media":6797,"template":"","meta":[],"product_brand":[],"product_cat":[173],"product_tag":[305,245],"class_list":{"0":"post-4739","1":"product","2":"type-product","3":"status-publish","4":"has-post-thumbnail","6":"product_cat-tarrat","7":"product_tag-sekalaiset","8":"product_tag-tarrat","9":"product_shipping_class-cards","11":"first","12":"instock","13":"taxable","14":"shipping-taxable","15":"purchasable","16":"product-type-simple"},"_links":{"self":[{"href":"https:\/\/minorpostcards.fi\/fi\/wp-json\/wp\/v2\/product\/4739","targetHints":{"allow":["GET"]}}],"collection":[{"href":"https:\/\/minorpostcards.fi\/fi\/wp-json\/wp\/v2\/product"}],"about":[{"href":"https:\/\/minorpostcards.fi\/fi\/wp-json\/wp\/v2\/types\/product"}],"wp:featuredmedia":[{"embeddable":true,"href":"https:\/\/minorpostcards.fi\/fi\/wp-json\/wp\/v2\/media\/6797"}],"wp:attachment":[{"href":"https:\/\/minorpostcards.fi\/fi\/wp-json\/wp\/v2\/media?parent=4739"}],"wp:term":[{"taxonomy":"product_brand","embeddable":true,"href":"https:\/\/minorpostcards.fi\/fi\/wp-json\/wp\/v2\/product_brand?post=4739"},{"taxonomy":"product_cat","embeddable":true,"href":"https:\/\/minorpostcards.fi\/fi\/wp-json\/wp\/v2\/product_cat?post=4739"},{"taxonomy":"product_tag","embeddable":true,"href":"https:\/\/minorpostcards.fi\/fi\/wp-json\/wp\/v2\/product_tag?post=4739"}],"curies":[{"name":"wp","href":"https:\/\/api.w.org\/{rel}","templated":true}]}}