{"id":4740,"date":"2016-03-20T17:19:06","date_gmt":"2016-03-20T17:19:06","guid":{"rendered":"http:\/\/minorpostcards.fi\/product\/uncategorized\/priority-tarra-arkki\/"},"modified":"2026-04-29T13:22:54","modified_gmt":"2026-04-29T10:22:54","slug":"priority-tarra-arkki","status":"publish","type":"product","link":"https:\/\/minorpostcards.fi\/fi\/tuote\/tarrat\/priority-tarra-arkki\/","title":{"rendered":"Priority tarra-arkki"},"content":{"rendered":"<p>Arkki erilaisia Priority-tarroja!\u00a0Postin ohjeen mukaan ulkomaille menev\u00e4\u00e4n 1. luokan kirjeen tai kortin yl\u00e4osaan merkit\u00e4\u00e4n tunnus &#8221;1&#8221;, kirjoitetaan &#8221;Priority&#8221; tai liimataan sininen Priority-tarra. N\u00e4ill\u00e4 erilaisilla tekstitarroilla korttisi erottuvat muiden joukosta!\u00a0Tarra kiilt\u00e4\u00e4 kivasti ja on sopivan pieni, jolloin postimerkille\u00a0j\u00e4\u00e4 hyvin tilaa erityisesti kortissa.<\/p>\n<p>&nbsp;<\/p>\n<p>Arkin koko on 9,5 cm x 12,5 cm, ja siin\u00e4 on 31 erilaista tarraa l\u00e4hetett\u00e4v\u00e4ksi maailmalle!<\/p>\n","protected":false},"excerpt":{"rendered":"<p>Tarra-arkki.<\/p>\n","protected":false},"featured_media":7024,"template":"","meta":[],"product_brand":[],"product_cat":[173],"product_tag":[305,245],"class_list":{"0":"post-4740","1":"product","2":"type-product","3":"status-publish","4":"has-post-thumbnail","6":"product_cat-tarrat","7":"product_tag-sekalaiset","8":"product_tag-tarrat","9":"product_shipping_class-cards","11":"first","12":"instock","13":"taxable","14":"shipping-taxable","15":"purchasable","16":"product-type-simple"},"_links":{"self":[{"href":"https:\/\/minorpostcards.fi\/fi\/wp-json\/wp\/v2\/product\/4740","targetHints":{"allow":["GET"]}}],"collection":[{"href":"https:\/\/minorpostcards.fi\/fi\/wp-json\/wp\/v2\/product"}],"about":[{"href":"https:\/\/minorpostcards.fi\/fi\/wp-json\/wp\/v2\/types\/product"}],"wp:featuredmedia":[{"embeddable":true,"href":"https:\/\/minorpostcards.fi\/fi\/wp-json\/wp\/v2\/media\/7024"}],"wp:attachment":[{"href":"https:\/\/minorpostcards.fi\/fi\/wp-json\/wp\/v2\/media?parent=4740"}],"wp:term":[{"taxonomy":"product_brand","embeddable":true,"href":"https:\/\/minorpostcards.fi\/fi\/wp-json\/wp\/v2\/product_brand?post=4740"},{"taxonomy":"product_cat","embeddable":true,"href":"https:\/\/minorpostcards.fi\/fi\/wp-json\/wp\/v2\/product_cat?post=4740"},{"taxonomy":"product_tag","embeddable":true,"href":"https:\/\/minorpostcards.fi\/fi\/wp-json\/wp\/v2\/product_tag?post=4740"}],"curies":[{"name":"wp","href":"https:\/\/api.w.org\/{rel}","templated":true}]}}