{"id":4881,"date":"2024-05-26T18:35:26","date_gmt":"2024-05-26T15:35:26","guid":{"rendered":"http:\/\/minorpostcards.fi\/fi\/tuote\/kaikki\/tarrat\/id-suomi-12-tarra-arkki-kiiltava-copy\/"},"modified":"2026-04-17T08:43:20","modified_gmt":"2026-04-17T05:43:20","slug":"id-suomi-12-tarra-arkki-matta","status":"publish","type":"product","link":"https:\/\/minorpostcards.fi\/fi\/tuote\/tarrat\/id-suomi-12-tarra-arkki-matta\/","title":{"rendered":"ID Suomi 12 tarra-arkki matta"},"content":{"rendered":"<p>Arkki suomalaisia ID tarroja! Tarraan voi kirjoittaa \u00a0<a href=\"https:\/\/www.postcrossing.com\/about\" target=\"_blank\" rel=\"noopener noreferrer\">Postcrossing<\/a> ID numeron, p\u00e4iv\u00e4yksen ja merkit\u00e4 s\u00e4\u00e4tilan. Muista my\u00f6s laittaa kotisi Suomen kartalle!<\/p>\n<p>Materiaali on mattapintaista ja\u00a0mustekyn\u00e4n kirjoitus pysyy siin\u00e4 hyvin.\u00a0Mattapinta k\u00e4y oikein hyvin erilaisille t\u00e4ytekynille.\u00a0Uusi peitt\u00e4v\u00e4 materiaali &#8211; n\u00e4ill\u00e4 saat peitetty\u00e4 hyvin teksti\u00e4, viivakoodin jne.<\/p>\n<p>Tarran liima on kest\u00e4v\u00e4\u00e4 eik\u00e4 irtoa kortista helposti, joten niit\u00e4 on turvallista k\u00e4ytt\u00e4\u00e4.\u00a0Pienet tarrat sopivat t\u00e4ydellisesti kortteihin, kirjoitukselle j\u00e4\u00e4 sopivasti\u00a0tilaa.<br \/>\n<strong>Huom! Uusi materiaali, n\u00e4m\u00e4 mattatarrat irtoavat helposti kulmasta irroittamalla!<\/strong><\/p>\n<p>Arkin koko on 9,5 cm x 12,5 cm ja siin\u00e4 on 12\u00a0tarraa (yksitt\u00e4isten tarrojen koko on\u00a01,8 cm x 4,1 cm).<\/p>\n","protected":false},"excerpt":{"rendered":"<p>Tarra-arkki.<\/p>\n","protected":false},"featured_media":67015,"template":"","meta":[],"product_brand":[],"product_cat":[173],"product_tag":[275,305,245],"class_list":{"0":"post-4881","1":"product","2":"type-product","3":"status-publish","4":"has-post-thumbnail","6":"product_cat-tarrat","7":"product_tag-postcrossing-fi","8":"product_tag-sekalaiset","9":"product_tag-tarrat","10":"product_shipping_class-cards","12":"first","13":"instock","14":"taxable","15":"shipping-taxable","16":"purchasable","17":"product-type-simple"},"_links":{"self":[{"href":"https:\/\/minorpostcards.fi\/fi\/wp-json\/wp\/v2\/product\/4881","targetHints":{"allow":["GET"]}}],"collection":[{"href":"https:\/\/minorpostcards.fi\/fi\/wp-json\/wp\/v2\/product"}],"about":[{"href":"https:\/\/minorpostcards.fi\/fi\/wp-json\/wp\/v2\/types\/product"}],"wp:featuredmedia":[{"embeddable":true,"href":"https:\/\/minorpostcards.fi\/fi\/wp-json\/wp\/v2\/media\/67015"}],"wp:attachment":[{"href":"https:\/\/minorpostcards.fi\/fi\/wp-json\/wp\/v2\/media?parent=4881"}],"wp:term":[{"taxonomy":"product_brand","embeddable":true,"href":"https:\/\/minorpostcards.fi\/fi\/wp-json\/wp\/v2\/product_brand?post=4881"},{"taxonomy":"product_cat","embeddable":true,"href":"https:\/\/minorpostcards.fi\/fi\/wp-json\/wp\/v2\/product_cat?post=4881"},{"taxonomy":"product_tag","embeddable":true,"href":"https:\/\/minorpostcards.fi\/fi\/wp-json\/wp\/v2\/product_tag?post=4881"}],"curies":[{"name":"wp","href":"https:\/\/api.w.org\/{rel}","templated":true}]}}