{"id":49466,"date":"2021-11-15T17:14:00","date_gmt":"2021-11-10T17:14:02","guid":{"rendered":"https:\/\/minorpostcards.fi\/?post_type=product&#038;p=49466"},"modified":"2025-11-18T19:14:25","modified_gmt":"2025-11-18T17:14:25","slug":"puijon-torni-kartalla","status":"publish","type":"product","link":"https:\/\/minorpostcards.fi\/fi\/tuote\/kortit\/puijon-torni-kartalla\/","title":{"rendered":"Puijon torni kartalla"},"content":{"rendered":"<p>75 metri\u00e4 korkea Puijon torni on Kuopion tunnetuimpia n\u00e4ht\u00e4vyyksi\u00e4. 1963 rakennetun tornin erikoisuus on py\u00f6riv\u00e4 yl\u00e4osa, jossa ihmiset k\u00e4yv\u00e4t. Siell\u00e4 voit istua ja katsella vaihtelevia maisemia samalla kun nautit siell\u00e4 olevan ravintolan antimia.<\/p>\n","protected":false},"excerpt":{"rendered":"<p>Postikortti.<\/p>\n","protected":false},"featured_media":49547,"template":"","meta":[],"product_brand":[],"product_cat":[19],"product_tag":[130,126,332,120],"class_list":{"0":"post-49466","1":"product","2":"type-product","3":"status-publish","4":"has-post-thumbnail","6":"product_cat-kortit","7":"product_tag-kartat","8":"product_tag-maisemat","9":"product_tag-suomalaiset-paikat-ja-alueet","10":"product_tag-talvi","11":"product_shipping_class-cards","13":"first","14":"instock","15":"taxable","16":"shipping-taxable","17":"purchasable","18":"product-type-simple"},"_links":{"self":[{"href":"https:\/\/minorpostcards.fi\/fi\/wp-json\/wp\/v2\/product\/49466","targetHints":{"allow":["GET"]}}],"collection":[{"href":"https:\/\/minorpostcards.fi\/fi\/wp-json\/wp\/v2\/product"}],"about":[{"href":"https:\/\/minorpostcards.fi\/fi\/wp-json\/wp\/v2\/types\/product"}],"wp:featuredmedia":[{"embeddable":true,"href":"https:\/\/minorpostcards.fi\/fi\/wp-json\/wp\/v2\/media\/49547"}],"wp:attachment":[{"href":"https:\/\/minorpostcards.fi\/fi\/wp-json\/wp\/v2\/media?parent=49466"}],"wp:term":[{"taxonomy":"product_brand","embeddable":true,"href":"https:\/\/minorpostcards.fi\/fi\/wp-json\/wp\/v2\/product_brand?post=49466"},{"taxonomy":"product_cat","embeddable":true,"href":"https:\/\/minorpostcards.fi\/fi\/wp-json\/wp\/v2\/product_cat?post=49466"},{"taxonomy":"product_tag","embeddable":true,"href":"https:\/\/minorpostcards.fi\/fi\/wp-json\/wp\/v2\/product_tag?post=49466"}],"curies":[{"name":"wp","href":"https:\/\/api.w.org\/{rel}","templated":true}]}}