{"id":49472,"date":"2021-11-15T17:30:24","date_gmt":"2021-11-10T17:30:25","guid":{"rendered":"https:\/\/minorpostcards.fi\/?post_type=product&#038;p=49472"},"modified":"2026-04-20T14:29:02","modified_gmt":"2026-04-20T11:29:02","slug":"suomikarttahuurre","status":"publish","type":"product","link":"https:\/\/minorpostcards.fi\/fi\/tuote\/kortit\/suomikarttahuurre\/","title":{"rendered":"Suomikartta: huurre"},"content":{"rendered":"<p>Suomen kartan taustana olevia ikkunan huurrekuvioita n\u00e4kyy talvikuukausien aikana silloin t\u00e4ll\u00f6in, kun kosteus ja l\u00e4mp\u00f6tila sattuu sopivasti kohdalleen. Talvi kest\u00e4\u00e4 Suomessa kauan ja siksi korttikin on ajankohtainen kuukausien ajan.<\/p>\n","protected":false},"excerpt":{"rendered":"<p>Postikortti.<\/p>\n","protected":false},"featured_media":49551,"template":"","meta":[],"product_brand":[],"product_cat":[19],"product_tag":[130,115,120],"class_list":{"0":"post-49472","1":"product","2":"type-product","3":"status-publish","4":"has-post-thumbnail","6":"product_cat-kortit","7":"product_tag-kartat","8":"product_tag-suomi","9":"product_tag-talvi","10":"product_shipping_class-cards","12":"first","13":"instock","14":"taxable","15":"shipping-taxable","16":"purchasable","17":"product-type-simple"},"_links":{"self":[{"href":"https:\/\/minorpostcards.fi\/fi\/wp-json\/wp\/v2\/product\/49472","targetHints":{"allow":["GET"]}}],"collection":[{"href":"https:\/\/minorpostcards.fi\/fi\/wp-json\/wp\/v2\/product"}],"about":[{"href":"https:\/\/minorpostcards.fi\/fi\/wp-json\/wp\/v2\/types\/product"}],"wp:featuredmedia":[{"embeddable":true,"href":"https:\/\/minorpostcards.fi\/fi\/wp-json\/wp\/v2\/media\/49551"}],"wp:attachment":[{"href":"https:\/\/minorpostcards.fi\/fi\/wp-json\/wp\/v2\/media?parent=49472"}],"wp:term":[{"taxonomy":"product_brand","embeddable":true,"href":"https:\/\/minorpostcards.fi\/fi\/wp-json\/wp\/v2\/product_brand?post=49472"},{"taxonomy":"product_cat","embeddable":true,"href":"https:\/\/minorpostcards.fi\/fi\/wp-json\/wp\/v2\/product_cat?post=49472"},{"taxonomy":"product_tag","embeddable":true,"href":"https:\/\/minorpostcards.fi\/fi\/wp-json\/wp\/v2\/product_tag?post=49472"}],"curies":[{"name":"wp","href":"https:\/\/api.w.org\/{rel}","templated":true}]}}