{"id":49478,"date":"2021-11-15T17:37:51","date_gmt":"2021-11-15T17:37:51","guid":{"rendered":"https:\/\/minorpostcards.fi\/?post_type=product&#038;p=49478"},"modified":"2026-03-10T20:21:43","modified_gmt":"2026-03-10T18:21:43","slug":"syli-taynna-villalankoja","status":"publish","type":"product","link":"https:\/\/minorpostcards.fi\/fi\/tuote\/kortit\/syli-taynna-villalankoja\/","title":{"rendered":"Syli t\u00e4ynn\u00e4 villalankoja"},"content":{"rendered":"<p>Talvi on villasta tehtyjen k\u00e4sit\u00f6iden aikaa. Kuvan kansallispuku on Kangasniemen kansallispuku.<\/p>\n","protected":false},"excerpt":{"rendered":"<p>Postikortti.<\/p>\n","protected":false},"featured_media":49557,"template":"","meta":[],"product_brand":[],"product_cat":[19],"product_tag":[124,287,298,128],"class_list":{"0":"post-49478","1":"product","2":"type-product","3":"status-publish","4":"has-post-thumbnail","6":"product_cat-kortit","7":"product_tag-ihmiset","8":"product_tag-kansallispuvut","9":"product_tag-kasityot-ja-harrastukset","10":"product_tag-nostalgia","11":"product_shipping_class-cards","13":"first","14":"instock","15":"taxable","16":"shipping-taxable","17":"purchasable","18":"product-type-simple"},"_links":{"self":[{"href":"https:\/\/minorpostcards.fi\/fi\/wp-json\/wp\/v2\/product\/49478","targetHints":{"allow":["GET"]}}],"collection":[{"href":"https:\/\/minorpostcards.fi\/fi\/wp-json\/wp\/v2\/product"}],"about":[{"href":"https:\/\/minorpostcards.fi\/fi\/wp-json\/wp\/v2\/types\/product"}],"wp:featuredmedia":[{"embeddable":true,"href":"https:\/\/minorpostcards.fi\/fi\/wp-json\/wp\/v2\/media\/49557"}],"wp:attachment":[{"href":"https:\/\/minorpostcards.fi\/fi\/wp-json\/wp\/v2\/media?parent=49478"}],"wp:term":[{"taxonomy":"product_brand","embeddable":true,"href":"https:\/\/minorpostcards.fi\/fi\/wp-json\/wp\/v2\/product_brand?post=49478"},{"taxonomy":"product_cat","embeddable":true,"href":"https:\/\/minorpostcards.fi\/fi\/wp-json\/wp\/v2\/product_cat?post=49478"},{"taxonomy":"product_tag","embeddable":true,"href":"https:\/\/minorpostcards.fi\/fi\/wp-json\/wp\/v2\/product_tag?post=49478"}],"curies":[{"name":"wp","href":"https:\/\/api.w.org\/{rel}","templated":true}]}}