{"id":5047,"date":"2016-08-27T17:40:56","date_gmt":"2016-08-27T17:40:56","guid":{"rendered":"http:\/\/minorpostcards.fi\/product\/uncategorized\/struve-geodetic-arc-unesco-struven-ketju-aavasaksa-2\/"},"modified":"2026-04-20T14:29:04","modified_gmt":"2026-04-20T11:29:04","slug":"struve-geodetic-arc-unesco-struven-ketju-aavasaksa-2","status":"publish","type":"product","link":"https:\/\/minorpostcards.fi\/fi\/tuote\/kortit\/struve-geodetic-arc-unesco-struven-ketju-aavasaksa-2\/","title":{"rendered":"Struve geodetic arc &#8211; Unesco &#8211;  Struven ketju Aavasaksa"},"content":{"rendered":"<p><span class=\"im\">Struven ketju edustaa tieteen ja tekniikan kulttuuriperint\u00f6\u00e4 ja\u00a0se on kymmenen maan yhteinen Unesco maailmanperint\u00f6kohde Pohjoisen j\u00e4\u00e4meren ja Mustanmeren v\u00e4lill\u00e4. \u00a0N\u00e4m\u00e4 valtiot ovat Norja, Ruotsi, Suomi, Ven\u00e4j\u00e4, Viro, Latvia, Liettua, Valkoven\u00e4j\u00e4, Moldova ja Ukraina.\u00a0Balttiansaksalainen\u00a0Friedrich Georg Wilhelm Struve selvitti vuosina 1816 &#8211; 1855 kolmiomittaustekniikalla maapallon kokoa ja muotoa ketjulla, jossa oli\u00a0yhteens\u00e4 265 pistett\u00e4 yli 2800 km:n matkalla. Niist\u00e4 34 valittiin Unescon suojeltaviksi kohteiksi vuonna 2005 maiden yhteisen esityksen j\u00e4lkeen.\u00a0Pisteist\u00e4 kuusi sijaitsee Suomen alueella: Stuor-oivi (nimi nykyasussa Stuorrahanoaivi) l\u00e4hell\u00e4 Norjan rajaa, Avasaksa (Aavasaksa) ja Tornea (Alatornion kirkko) L\u00e4nsi-Lapissa, Puolakka (Oravivuori) Korpilahdella sek\u00e4 Porlom II (Tornikallio) Lapinj\u00e4rven Porlammilla ja Svartvira (Mustaviiri) Pyht\u00e4\u00e4n saaristossa. <\/span><\/p>\n<div><span class=\"im\"><span title=\"Maps, aerial photos, and other data for this location\">Aavasaksalla oleva mittauspiste on koordinaateissa 66\u00b023\u203252\u2033N 23\u00b043\u203231\u2033E<span style=\"color: #663366; font-family: sans-serif;\">\u00a0ja k<\/span><\/span><span style=\"color: #232323; font-family: Georgia, Palatino, 'Palatino Linotype', Times, 'Times New Roman', serif;\">orttikuvassa n\u00e4kyy sit\u00e4 ymp\u00e4r\u00f6iv\u00e4\u00e4 kansallismaisemaa.\u00a0<\/span>Aavasaksa on vaara, jota pidet\u00e4\u00e4n Suomen etel\u00e4isimp\u00e4n\u00e4 paikkana, jossa n\u00e4kyy keskiy\u00f6n aurinko.<\/span><\/div>\n","protected":false},"excerpt":{"rendered":"<p>Postikortti.<\/p>\n","protected":false},"featured_media":5046,"template":"","meta":[],"product_brand":[],"product_cat":[19],"product_tag":[130,308,115,122,161],"class_list":{"0":"post-5047","1":"product","2":"type-product","3":"status-publish","4":"has-post-thumbnail","6":"product_cat-kortit","7":"product_tag-kartat","8":"product_tag-struven-ketju-unesco","9":"product_tag-suomi","10":"product_tag-tekstit","11":"product_tag-unesco-2","12":"product_shipping_class-cards","14":"first","15":"instock","16":"taxable","17":"shipping-taxable","18":"purchasable","19":"product-type-simple"},"_links":{"self":[{"href":"https:\/\/minorpostcards.fi\/fi\/wp-json\/wp\/v2\/product\/5047","targetHints":{"allow":["GET"]}}],"collection":[{"href":"https:\/\/minorpostcards.fi\/fi\/wp-json\/wp\/v2\/product"}],"about":[{"href":"https:\/\/minorpostcards.fi\/fi\/wp-json\/wp\/v2\/types\/product"}],"wp:featuredmedia":[{"embeddable":true,"href":"https:\/\/minorpostcards.fi\/fi\/wp-json\/wp\/v2\/media\/5046"}],"wp:attachment":[{"href":"https:\/\/minorpostcards.fi\/fi\/wp-json\/wp\/v2\/media?parent=5047"}],"wp:term":[{"taxonomy":"product_brand","embeddable":true,"href":"https:\/\/minorpostcards.fi\/fi\/wp-json\/wp\/v2\/product_brand?post=5047"},{"taxonomy":"product_cat","embeddable":true,"href":"https:\/\/minorpostcards.fi\/fi\/wp-json\/wp\/v2\/product_cat?post=5047"},{"taxonomy":"product_tag","embeddable":true,"href":"https:\/\/minorpostcards.fi\/fi\/wp-json\/wp\/v2\/product_tag?post=5047"}],"curies":[{"name":"wp","href":"https:\/\/api.w.org\/{rel}","templated":true}]}}