{"id":5051,"date":"2016-08-27T17:48:30","date_gmt":"2016-08-27T17:48:30","guid":{"rendered":"http:\/\/minorpostcards.fi\/product\/uncategorized\/finnish-mushroom-salad-suomalainen-sienisalaatti-2\/"},"modified":"2026-04-17T08:43:20","modified_gmt":"2026-04-17T05:43:20","slug":"finnish-mushroom-salad-suomalainen-sienisalaatti-2","status":"publish","type":"product","link":"https:\/\/minorpostcards.fi\/fi\/tuote\/kortit\/finnish-mushroom-salad-suomalainen-sienisalaatti-2\/","title":{"rendered":"Finnish mushroom salad &#8211; Suomalainen sienisalaatti"},"content":{"rendered":"<p>Perinteisesti sienisalaatti tehd\u00e4\u00e4n suolasienist\u00e4 ja siksi sit\u00e4 voidaan sy\u00f6d\u00e4 ymp\u00e4ri vuoden. Suolasienien valmistukseen k\u00e4ytet\u00e4\u00e4n yleens\u00e4 rouskuja, jotka ry\u00f6p\u00e4t\u00e4\u00e4n \u00a0(eli keitet\u00e4\u00e4n kymmenisen minuuttia), huuhdellaan ja j\u00e4\u00e4hdytet\u00e4\u00e4n ennenkuin ne s\u00e4il\u00f6t\u00e4\u00e4n suolan avulla. Korttikuvassa olevat sienet ovat karvarouskuja eli karvalaukkuja (Lactarius torminosus). Ne kasvavat koko maassa koivu- ja sekametsiss\u00e4 syys- lokakuussa.<\/p>\n","protected":false},"excerpt":{"rendered":"<p>Yksitt\u00e4inen postikortti.<\/p>\n","protected":false},"featured_media":5050,"template":"","meta":[],"product_brand":[],"product_cat":[19],"product_tag":[194,137,115,122],"class_list":{"0":"post-5051","1":"product","2":"type-product","3":"status-publish","4":"has-post-thumbnail","6":"product_cat-kortit","7":"product_tag-reseptit","8":"product_tag-ruoka","9":"product_tag-suomi","10":"product_tag-tekstit","11":"product_shipping_class-cards","13":"first","14":"instock","15":"taxable","16":"shipping-taxable","17":"purchasable","18":"product-type-simple"},"_links":{"self":[{"href":"https:\/\/minorpostcards.fi\/fi\/wp-json\/wp\/v2\/product\/5051","targetHints":{"allow":["GET"]}}],"collection":[{"href":"https:\/\/minorpostcards.fi\/fi\/wp-json\/wp\/v2\/product"}],"about":[{"href":"https:\/\/minorpostcards.fi\/fi\/wp-json\/wp\/v2\/types\/product"}],"wp:featuredmedia":[{"embeddable":true,"href":"https:\/\/minorpostcards.fi\/fi\/wp-json\/wp\/v2\/media\/5050"}],"wp:attachment":[{"href":"https:\/\/minorpostcards.fi\/fi\/wp-json\/wp\/v2\/media?parent=5051"}],"wp:term":[{"taxonomy":"product_brand","embeddable":true,"href":"https:\/\/minorpostcards.fi\/fi\/wp-json\/wp\/v2\/product_brand?post=5051"},{"taxonomy":"product_cat","embeddable":true,"href":"https:\/\/minorpostcards.fi\/fi\/wp-json\/wp\/v2\/product_cat?post=5051"},{"taxonomy":"product_tag","embeddable":true,"href":"https:\/\/minorpostcards.fi\/fi\/wp-json\/wp\/v2\/product_tag?post=5051"}],"curies":[{"name":"wp","href":"https:\/\/api.w.org\/{rel}","templated":true}]}}