{"id":5055,"date":"2016-08-27T17:55:32","date_gmt":"2016-08-27T17:55:32","guid":{"rendered":"http:\/\/minorpostcards.fi\/product\/uncategorized\/map-made-of-mushrooms-sienikartta-2\/"},"modified":"2026-04-20T14:29:04","modified_gmt":"2026-04-20T11:29:04","slug":"map-made-of-mushrooms-sienikartta","status":"publish","type":"product","link":"https:\/\/minorpostcards.fi\/fi\/tuote\/kortit\/map-made-of-mushrooms-sienikartta\/","title":{"rendered":"Map made of mushrooms &#8211; Sienikartta"},"content":{"rendered":"<p>Kortti on tytt\u00e4reni Ronjan tekem\u00e4, ja siin\u00e4 on marjojen joukossa erilaisia sieni\u00e4: keltavahvero eli kantarelli (Cantharellus cibarius), mustatorvisieni \u00a0(Craterellus cornucopioides), kuusenlepp\u00e4rousku (Lactarius deterrimus),\u00a0isohapero (Russula paludosa), tuoksuvalmuska eli matsutake (Tricholoma matsutake), suppilovahvero (Cantharellus tubaeformis) ja erilaisia tatteja. Tappavan myrkyllinen\u00a0korvasieni (Gyromitra esculenta) pit\u00e4\u00e4 keitt\u00e4\u00e4 kahteen kertaan runsaassa vedess\u00e4 v\u00e4hint\u00e4\u00e4n 5 minuutin ajan ennenkuin sit\u00e4 voi k\u00e4ytt\u00e4\u00e4 ruokasienen\u00e4. Kuvassa my\u00f6s oleva\u00a0punak\u00e4rp\u00e4ssieni (Amanita muscaria) ei k\u00e4sittelem\u00e4ll\u00e4 muutu, se on vaarallinen eik\u00e4 sit\u00e4 saa sy\u00f6d\u00e4.<\/p>\n","protected":false},"excerpt":{"rendered":"<p>Postikortti.<\/p>\n","protected":false},"featured_media":5054,"template":"","meta":[],"product_brand":[],"product_cat":[19],"product_tag":[130,137,115],"class_list":{"0":"post-5055","1":"product","2":"type-product","3":"status-publish","4":"has-post-thumbnail","6":"product_cat-kortit","7":"product_tag-kartat","8":"product_tag-ruoka","9":"product_tag-suomi","10":"product_shipping_class-cards","12":"first","13":"instock","14":"taxable","15":"shipping-taxable","16":"purchasable","17":"product-type-simple"},"_links":{"self":[{"href":"https:\/\/minorpostcards.fi\/fi\/wp-json\/wp\/v2\/product\/5055","targetHints":{"allow":["GET"]}}],"collection":[{"href":"https:\/\/minorpostcards.fi\/fi\/wp-json\/wp\/v2\/product"}],"about":[{"href":"https:\/\/minorpostcards.fi\/fi\/wp-json\/wp\/v2\/types\/product"}],"wp:featuredmedia":[{"embeddable":true,"href":"https:\/\/minorpostcards.fi\/fi\/wp-json\/wp\/v2\/media\/5054"}],"wp:attachment":[{"href":"https:\/\/minorpostcards.fi\/fi\/wp-json\/wp\/v2\/media?parent=5055"}],"wp:term":[{"taxonomy":"product_brand","embeddable":true,"href":"https:\/\/minorpostcards.fi\/fi\/wp-json\/wp\/v2\/product_brand?post=5055"},{"taxonomy":"product_cat","embeddable":true,"href":"https:\/\/minorpostcards.fi\/fi\/wp-json\/wp\/v2\/product_cat?post=5055"},{"taxonomy":"product_tag","embeddable":true,"href":"https:\/\/minorpostcards.fi\/fi\/wp-json\/wp\/v2\/product_tag?post=5055"}],"curies":[{"name":"wp","href":"https:\/\/api.w.org\/{rel}","templated":true}]}}