{"id":5157,"date":"2023-07-07T10:08:31","date_gmt":"2023-07-07T07:08:31","guid":{"rendered":"http:\/\/minorpostcards.fi\/fi\/tuote\/kaikki\/tarrat\/syksyn-satoa-tarra-arkki\/"},"modified":"2026-02-28T07:42:35","modified_gmt":"2026-02-28T05:42:35","slug":"syksyn-satoa-tarra-arkki","status":"publish","type":"product","link":"https:\/\/minorpostcards.fi\/fi\/tuote\/tarrat\/syksyn-satoa-tarra-arkki\/","title":{"rendered":"Syksyn satoa tarra-arkki"},"content":{"rendered":"<p>Arkki, joka on t\u00e4ynn\u00e4\u00a0v\u00e4rikk\u00e4it\u00e4 tarroja. Arkilta\u00a0l\u00f6ytyy runsaasti syksyisen mets\u00e4n aarteita kuten herkullisia marjoja ja erilaisia sieni\u00e4. Tarroja on 38\u00a0ja ne sopivat kooltaan hyvin postikorttiin tai\u00a0kirjekuoreen.<\/p>\n<p>Kiilt\u00e4v\u00e4pintaisen tarra-arkin koko on 9,5\u00a0cm x 12,5 cm.<\/p>\n<p>Samoja Ronjan piirt\u00e4mi\u00e4 syksyisi\u00e4 aiheita on my\u00f6s tarrojen kanssa hyvin yhteensopivassa \u00a0&#8221;<a href=\"https:\/\/minorpostcards.fi\/fi\/tuote\/kortit\/map-made-of-mushrooms-sienikartta\/\">Sienikartta<\/a>&#8221; -postikortissa.<\/p>\n","protected":false},"excerpt":{"rendered":"<p>Tarra-arkki.<\/p>\n","protected":false},"featured_media":5169,"template":"","meta":[],"product_brand":[],"product_cat":[173],"product_tag":[305,245],"class_list":{"0":"post-5157","1":"product","2":"type-product","3":"status-publish","4":"has-post-thumbnail","6":"product_cat-tarrat","7":"product_tag-sekalaiset","8":"product_tag-tarrat","9":"product_shipping_class-cards","11":"first","12":"outofstock","13":"taxable","14":"shipping-taxable","15":"purchasable","16":"product-type-simple"},"_links":{"self":[{"href":"https:\/\/minorpostcards.fi\/fi\/wp-json\/wp\/v2\/product\/5157","targetHints":{"allow":["GET"]}}],"collection":[{"href":"https:\/\/minorpostcards.fi\/fi\/wp-json\/wp\/v2\/product"}],"about":[{"href":"https:\/\/minorpostcards.fi\/fi\/wp-json\/wp\/v2\/types\/product"}],"wp:featuredmedia":[{"embeddable":true,"href":"https:\/\/minorpostcards.fi\/fi\/wp-json\/wp\/v2\/media\/5169"}],"wp:attachment":[{"href":"https:\/\/minorpostcards.fi\/fi\/wp-json\/wp\/v2\/media?parent=5157"}],"wp:term":[{"taxonomy":"product_brand","embeddable":true,"href":"https:\/\/minorpostcards.fi\/fi\/wp-json\/wp\/v2\/product_brand?post=5157"},{"taxonomy":"product_cat","embeddable":true,"href":"https:\/\/minorpostcards.fi\/fi\/wp-json\/wp\/v2\/product_cat?post=5157"},{"taxonomy":"product_tag","embeddable":true,"href":"https:\/\/minorpostcards.fi\/fi\/wp-json\/wp\/v2\/product_tag?post=5157"}],"curies":[{"name":"wp","href":"https:\/\/api.w.org\/{rel}","templated":true}]}}