{"id":5338,"date":"2016-12-02T12:49:56","date_gmt":"2016-12-02T12:49:56","guid":{"rendered":"http:\/\/minorpostcards.fi\/product\/uncategorized\/state-flag-of-finland-suomen-valtiolippu-2\/"},"modified":"2026-04-17T08:43:19","modified_gmt":"2026-04-17T05:43:19","slug":"state-flag-of-finland-suomen-valtiolippu-2","status":"publish","type":"product","link":"https:\/\/minorpostcards.fi\/fi\/tuote\/kortit\/state-flag-of-finland-suomen-valtiolippu-2\/","title":{"rendered":"State flag of Finland &#8211; Suomen valtiolippu"},"content":{"rendered":"<p>Suomen lipusta on kolme virallista versiota:<br \/>\n&#8211; kansallislippu eli tavallinen siniristilippu jota k\u00e4ytet\u00e4\u00e4n tavallisessa liputuksessa<br \/>\n&#8211; suorakaiteinen valtiolippu, jossa on vaakuna, on tarkoitettu mm. eduskunnan, ministeri\u00f6iden, oikeuslaitoksen, ulkomailla olevien Suomen valtion edustustojen, Suomen Pankin, Kansanel\u00e4kelaitoksen, yliopistojen ja rajavartiolaitoksen k\u00e4ytt\u00f6\u00f6n<br \/>\n&#8211; kielekkeinen valtiolippu, jossa on my\u00f6s vaakuna, on k\u00e4yt\u00f6ss\u00e4 puolustusvoimien esikunnissa, joukko-osastoissa, laitoksissa ja aluksissa<\/p>\n","protected":false},"excerpt":{"rendered":"<p>Yksitt\u00e4inen postikortti.<\/p>\n","protected":false},"featured_media":5337,"template":"","meta":[],"product_brand":[],"product_cat":[19],"product_tag":[301,115],"class_list":{"0":"post-5338","1":"product","2":"type-product","3":"status-publish","4":"has-post-thumbnail","6":"product_cat-kortit","7":"product_tag-liput","8":"product_tag-suomi","9":"product_shipping_class-cards","11":"first","12":"instock","13":"taxable","14":"shipping-taxable","15":"purchasable","16":"product-type-simple"},"_links":{"self":[{"href":"https:\/\/minorpostcards.fi\/fi\/wp-json\/wp\/v2\/product\/5338","targetHints":{"allow":["GET"]}}],"collection":[{"href":"https:\/\/minorpostcards.fi\/fi\/wp-json\/wp\/v2\/product"}],"about":[{"href":"https:\/\/minorpostcards.fi\/fi\/wp-json\/wp\/v2\/types\/product"}],"wp:featuredmedia":[{"embeddable":true,"href":"https:\/\/minorpostcards.fi\/fi\/wp-json\/wp\/v2\/media\/5337"}],"wp:attachment":[{"href":"https:\/\/minorpostcards.fi\/fi\/wp-json\/wp\/v2\/media?parent=5338"}],"wp:term":[{"taxonomy":"product_brand","embeddable":true,"href":"https:\/\/minorpostcards.fi\/fi\/wp-json\/wp\/v2\/product_brand?post=5338"},{"taxonomy":"product_cat","embeddable":true,"href":"https:\/\/minorpostcards.fi\/fi\/wp-json\/wp\/v2\/product_cat?post=5338"},{"taxonomy":"product_tag","embeddable":true,"href":"https:\/\/minorpostcards.fi\/fi\/wp-json\/wp\/v2\/product_tag?post=5338"}],"curies":[{"name":"wp","href":"https:\/\/api.w.org\/{rel}","templated":true}]}}