{"id":5350,"date":"2021-03-01T20:10:24","date_gmt":"2016-12-02T12:57:24","guid":{"rendered":"http:\/\/minorpostcards.fi\/product\/uncategorized\/ursa-major-suuri-karhu-2\/"},"modified":"2025-03-02T13:14:53","modified_gmt":"2025-03-02T11:14:53","slug":"suuri-karhu","status":"publish","type":"product","link":"https:\/\/minorpostcards.fi\/fi\/tuote\/kortit\/suuri-karhu\/","title":{"rendered":"Suuri karhu"},"content":{"rendered":"<p>Iso karhu on pohjoisen t\u00e4htitaivaan suurimpia l\u00e4pi vuoden n\u00e4kyvi\u00e4 t\u00e4hdist\u00f6j\u00e4. Yleisimmin tunnettu t\u00e4htikuvio Otava on osa Ison karhun t\u00e4hdist\u00f6\u00e4. Muodoltaan kauhaa muistuttava Otava muodostuu seitsem\u00e4st\u00e4 t\u00e4hdest\u00e4, ja se on saanut suomalaisen nimens\u00e4 kalaverkosta.<\/p>\n","protected":false},"excerpt":{"rendered":"<p>Postikortti.<\/p>\n","protected":false},"featured_media":5349,"template":"","meta":[],"product_brand":[],"product_cat":[19],"product_tag":[136,335,122,277],"class_list":{"0":"post-5350","1":"product","2":"type-product","3":"status-publish","4":"has-post-thumbnail","6":"product_cat-kortit","7":"product_tag-digitaaliset-kuvat","8":"product_tag-tahdet-ja-astronomia","9":"product_tag-tekstit","10":"product_tag-tiede","11":"product_shipping_class-cards","13":"first","14":"outofstock","15":"taxable","16":"shipping-taxable","17":"purchasable","18":"product-type-simple"},"_links":{"self":[{"href":"https:\/\/minorpostcards.fi\/fi\/wp-json\/wp\/v2\/product\/5350","targetHints":{"allow":["GET"]}}],"collection":[{"href":"https:\/\/minorpostcards.fi\/fi\/wp-json\/wp\/v2\/product"}],"about":[{"href":"https:\/\/minorpostcards.fi\/fi\/wp-json\/wp\/v2\/types\/product"}],"wp:featuredmedia":[{"embeddable":true,"href":"https:\/\/minorpostcards.fi\/fi\/wp-json\/wp\/v2\/media\/5349"}],"wp:attachment":[{"href":"https:\/\/minorpostcards.fi\/fi\/wp-json\/wp\/v2\/media?parent=5350"}],"wp:term":[{"taxonomy":"product_brand","embeddable":true,"href":"https:\/\/minorpostcards.fi\/fi\/wp-json\/wp\/v2\/product_brand?post=5350"},{"taxonomy":"product_cat","embeddable":true,"href":"https:\/\/minorpostcards.fi\/fi\/wp-json\/wp\/v2\/product_cat?post=5350"},{"taxonomy":"product_tag","embeddable":true,"href":"https:\/\/minorpostcards.fi\/fi\/wp-json\/wp\/v2\/product_tag?post=5350"}],"curies":[{"name":"wp","href":"https:\/\/api.w.org\/{rel}","templated":true}]}}