{"id":5731,"date":"2017-04-21T15:18:37","date_gmt":"2017-04-21T15:18:37","guid":{"rendered":"https:\/\/minorpostcards.fi\/product\/uncategorized\/merta-kohti\/"},"modified":"2025-08-13T10:54:48","modified_gmt":"2025-08-13T07:54:48","slug":"merta-kohti","status":"publish","type":"product","link":"https:\/\/minorpostcards.fi\/fi\/tuote\/kortit\/merta-kohti\/","title":{"rendered":"Unesco Suomenlinna &#8211; Merta kohti"},"content":{"rendered":"<p>Helsingin edustalla It\u00e4meress\u00e4 Suomenlahdella sijaitseva Suomenlinna on Ruotsin vallan aikainen merilinnoitus ja saaristolaivaston tukikohta. Suomenlinna on my\u00f6s Helsingin kaupunginosa, jossa asuu yli 800 vakituista asukasta. Linnoituksen rakentaminen aloitettiin 1700-luvun puoliv\u00e4liss\u00e4, ja se on UNESCOn maailmanperint\u00f6kohde. Paikka Suomen suosituimpia n\u00e4ht\u00e4vyyksi\u00e4 ja Helsingist\u00e4 l\u00e4htev\u00e4t matkustajalaivat ohittavat sen kivenheiton p\u00e4\u00e4st\u00e4. Korttikuva on otettu juuri tuollaisen matkustajalaivan ulkokannelta kev\u00e4\u00e4ll\u00e4 2013. Kuvassa n\u00e4kyy linnoituksen uloimmat kivimuurit, Helsingin kaupunki merenlahden takana horisontissa ja pieni alus matkalla merelle.<\/p>\n","protected":false},"excerpt":{"rendered":"<p>Yksitt\u00e4inen postikortti.<\/p>\n","protected":false},"featured_media":5714,"template":"","meta":[],"product_brand":[],"product_cat":[19],"product_tag":[149,126,115,161],"class_list":{"0":"post-5731","1":"product","2":"type-product","3":"status-publish","4":"has-post-thumbnail","6":"product_cat-kortit","7":"product_tag-kesa","8":"product_tag-maisemat","9":"product_tag-suomi","10":"product_tag-unesco-2","11":"product_shipping_class-cards","13":"first","14":"outofstock","15":"taxable","16":"shipping-taxable","17":"purchasable","18":"product-type-simple"},"_links":{"self":[{"href":"https:\/\/minorpostcards.fi\/fi\/wp-json\/wp\/v2\/product\/5731","targetHints":{"allow":["GET"]}}],"collection":[{"href":"https:\/\/minorpostcards.fi\/fi\/wp-json\/wp\/v2\/product"}],"about":[{"href":"https:\/\/minorpostcards.fi\/fi\/wp-json\/wp\/v2\/types\/product"}],"wp:featuredmedia":[{"embeddable":true,"href":"https:\/\/minorpostcards.fi\/fi\/wp-json\/wp\/v2\/media\/5714"}],"wp:attachment":[{"href":"https:\/\/minorpostcards.fi\/fi\/wp-json\/wp\/v2\/media?parent=5731"}],"wp:term":[{"taxonomy":"product_brand","embeddable":true,"href":"https:\/\/minorpostcards.fi\/fi\/wp-json\/wp\/v2\/product_brand?post=5731"},{"taxonomy":"product_cat","embeddable":true,"href":"https:\/\/minorpostcards.fi\/fi\/wp-json\/wp\/v2\/product_cat?post=5731"},{"taxonomy":"product_tag","embeddable":true,"href":"https:\/\/minorpostcards.fi\/fi\/wp-json\/wp\/v2\/product_tag?post=5731"}],"curies":[{"name":"wp","href":"https:\/\/api.w.org\/{rel}","templated":true}]}}