{"id":5733,"date":"2017-04-21T15:22:09","date_gmt":"2017-04-21T15:22:09","guid":{"rendered":"https:\/\/minorpostcards.fi\/product\/uncategorized\/struven-ketju-oravivuori\/"},"modified":"2026-04-03T15:16:22","modified_gmt":"2026-04-03T12:16:22","slug":"struven-ketju-oravivuori","status":"publish","type":"product","link":"https:\/\/minorpostcards.fi\/fi\/tuote\/kortit\/struven-ketju-oravivuori\/","title":{"rendered":"Struve geodetic arc &#8211; Unesco &#8211; Struven ketju Oravivuori"},"content":{"rendered":"<p>Struven ketju edustaa tieteen ja tekniikan kulttuuriperint\u00f6\u00e4 ja se on kymmenen maan yhteinen Unesco maailmanperint\u00f6kohde Pohjoisen j\u00e4\u00e4meren ja Mustanmeren v\u00e4lill\u00e4.\u00a0 N\u00e4m\u00e4 valtiot ovat Norja, Ruotsi, Suomi, Ven\u00e4j\u00e4, Viro, Latvia, Liettua, Valkoven\u00e4j\u00e4, Moldova ja Ukraina. Balttiansaksalainen Friedrich Georg Wilhelm Struve selvitti vuosina 1816 \u2013 1855 kolmiomittaustekniikalla maapallon kokoa ja muotoa ketjulla, jossa oli yhteens\u00e4 265 pistett\u00e4 yli 2800 km:n matkalla. Niist\u00e4 34 valittiin Unescon suojeltaviksi kohteiksi vuonna 2005 maiden yhteisen esityksen j\u00e4lkeen.<\/p>\n<p>Pisteist\u00e4 kuusi sijaitsee Suomen alueella: Stuor-oivi (nimi nykyasussa Stuorrahanoaivi) l\u00e4hell\u00e4 Norjan rajaa, Avasaksa (Aavasaksa) ja Tornea (Alatornion kirkko) L\u00e4nsi-Lapissa, Puolakka (Oravivuori) Korpilahdella sek\u00e4 Porlom II (Tornikallio) Lapinj\u00e4rven Porlammilla ja Svartvira (Mustaviiri) Pyht\u00e4\u00e4n saaristossa.<\/p>\n<p>Oravivuorella oleva mittauspiste on koordinaateissa 61\u00b055&#8217;36&#8243;N 25\u00b032&#8217;01&#8243;E. Oravivuoren huippu on 193 metri\u00e4 korkea ja siell\u00e4 sijaitsee noin kymmenmetrinen n\u00e4k\u00f6torni. Korttikuva on otettu n\u00e4k\u00f6tornista kes\u00e4ll\u00e4 2016 ja siin\u00e4 n\u00e4kyy P\u00e4ij\u00e4nteen j\u00e4rvimaisemaa.<\/p>\n","protected":false},"excerpt":{"rendered":"<p>Yksitt\u00e4inen postikortti.<\/p>\n","protected":false},"featured_media":5716,"template":"","meta":[],"product_brand":[],"product_cat":[19],"product_tag":[130,126,308,115,122,161],"class_list":{"0":"post-5733","1":"product","2":"type-product","3":"status-publish","4":"has-post-thumbnail","6":"product_cat-kortit","7":"product_tag-kartat","8":"product_tag-maisemat","9":"product_tag-struven-ketju-unesco","10":"product_tag-suomi","11":"product_tag-tekstit","12":"product_tag-unesco-2","13":"product_shipping_class-cards","15":"first","16":"instock","17":"taxable","18":"shipping-taxable","19":"purchasable","20":"product-type-simple"},"_links":{"self":[{"href":"https:\/\/minorpostcards.fi\/fi\/wp-json\/wp\/v2\/product\/5733","targetHints":{"allow":["GET"]}}],"collection":[{"href":"https:\/\/minorpostcards.fi\/fi\/wp-json\/wp\/v2\/product"}],"about":[{"href":"https:\/\/minorpostcards.fi\/fi\/wp-json\/wp\/v2\/types\/product"}],"wp:featuredmedia":[{"embeddable":true,"href":"https:\/\/minorpostcards.fi\/fi\/wp-json\/wp\/v2\/media\/5716"}],"wp:attachment":[{"href":"https:\/\/minorpostcards.fi\/fi\/wp-json\/wp\/v2\/media?parent=5733"}],"wp:term":[{"taxonomy":"product_brand","embeddable":true,"href":"https:\/\/minorpostcards.fi\/fi\/wp-json\/wp\/v2\/product_brand?post=5733"},{"taxonomy":"product_cat","embeddable":true,"href":"https:\/\/minorpostcards.fi\/fi\/wp-json\/wp\/v2\/product_cat?post=5733"},{"taxonomy":"product_tag","embeddable":true,"href":"https:\/\/minorpostcards.fi\/fi\/wp-json\/wp\/v2\/product_tag?post=5733"}],"curies":[{"name":"wp","href":"https:\/\/api.w.org\/{rel}","templated":true}]}}