{"id":5735,"date":"2021-03-01T19:30:22","date_gmt":"2017-04-21T15:26:22","guid":{"rendered":"https:\/\/minorpostcards.fi\/product\/uncategorized\/rantasauna\/"},"modified":"2025-07-07T13:05:41","modified_gmt":"2025-07-07T10:05:41","slug":"rantasauna","status":"publish","type":"product","link":"https:\/\/minorpostcards.fi\/fi\/tuote\/kortit\/rantasauna\/","title":{"rendered":"Rantasauna"},"content":{"rendered":"<div>Runsaan viiden miljoonan asukkaan Suomessa on yli kolme miljoonaa saunaa.\u00a0Suomalaisista 99% k\u00e4y saunassa s\u00e4\u00e4nn\u00f6llisesti, keskim\u00e4\u00e4rin hiukan useammin kuin kerran viikossa. Perinteinen saunap\u00e4iv\u00e4 on ollut lauantai.<\/div>\n<div>( <a href=\"https:\/\/fi.wikipedia.org\/wiki\/Suomalainen_sauna\" target=\"_blank\" rel=\"noopener noreferrer\">https:\/\/fi.wikipedia.org\/wiki\/Suomalainen_sauna<\/a> )<\/div>\n<div>Korttikuva on otettu M\u00e4ntyharjulla taidekeskus Salmelan l\u00e4hist\u00f6ll\u00e4.\u00a0Se on kuvattu tuollaisenaan ja valokuvaa ei ole k\u00e4sitelty j\u00e4lkik\u00e4teen muuta kuin hieman v\u00e4ris\u00e4vyjen osalta, maisemassa todella on puiden ja pensaiden ymp\u00e4r\u00f6im\u00e4 sauna.<\/div>\n","protected":false},"excerpt":{"rendered":"<p>Postikortti.<\/p>\n","protected":false},"featured_media":5718,"template":"","meta":[],"product_brand":[],"product_cat":[19],"product_tag":[149,286,126,115],"class_list":{"0":"post-5735","1":"product","2":"type-product","3":"status-publish","4":"has-post-thumbnail","6":"product_cat-kortit","7":"product_tag-kesa","8":"product_tag-luonto","9":"product_tag-maisemat","10":"product_tag-suomi","11":"product_shipping_class-cards","13":"first","14":"outofstock","15":"taxable","16":"shipping-taxable","17":"purchasable","18":"product-type-simple"},"_links":{"self":[{"href":"https:\/\/minorpostcards.fi\/fi\/wp-json\/wp\/v2\/product\/5735","targetHints":{"allow":["GET"]}}],"collection":[{"href":"https:\/\/minorpostcards.fi\/fi\/wp-json\/wp\/v2\/product"}],"about":[{"href":"https:\/\/minorpostcards.fi\/fi\/wp-json\/wp\/v2\/types\/product"}],"wp:featuredmedia":[{"embeddable":true,"href":"https:\/\/minorpostcards.fi\/fi\/wp-json\/wp\/v2\/media\/5718"}],"wp:attachment":[{"href":"https:\/\/minorpostcards.fi\/fi\/wp-json\/wp\/v2\/media?parent=5735"}],"wp:term":[{"taxonomy":"product_brand","embeddable":true,"href":"https:\/\/minorpostcards.fi\/fi\/wp-json\/wp\/v2\/product_brand?post=5735"},{"taxonomy":"product_cat","embeddable":true,"href":"https:\/\/minorpostcards.fi\/fi\/wp-json\/wp\/v2\/product_cat?post=5735"},{"taxonomy":"product_tag","embeddable":true,"href":"https:\/\/minorpostcards.fi\/fi\/wp-json\/wp\/v2\/product_tag?post=5735"}],"curies":[{"name":"wp","href":"https:\/\/api.w.org\/{rel}","templated":true}]}}