{"id":5739,"date":"2021-03-01T10:33:23","date_gmt":"2021-03-01T10:33:23","guid":{"rendered":"https:\/\/minorpostcards.fi\/product\/uncategorized\/astiankuivauskaappi\/"},"modified":"2026-04-20T14:29:03","modified_gmt":"2026-04-20T11:29:03","slug":"astiankuivauskaappi","status":"publish","type":"product","link":"https:\/\/minorpostcards.fi\/fi\/tuote\/kortit\/astiankuivauskaappi\/","title":{"rendered":"Idea from Finland \u2013 Astiankuivauskaappi"},"content":{"rendered":"<p>Alunperin muualla patentoitu astiankuivauskaappi on omittu suomalaiseksi keksinn\u00f6ksi, kiitos Ty\u00f6tehoseuran Maiju Gebhardin. 40-luvun laskelmien mukaan perheenem\u00e4nt\u00e4 k\u00e4ytti 30 000 tuntia el\u00e4m\u00e4st\u00e4\u00e4n tiskaamiseen ja astioiden kuivaamiseen. Eip\u00e4 k\u00e4yt\u00e4 en\u00e4\u00e4! Astiankuivauskaappi kuuluu erottamattomasti suomalaiseen keitti\u00f6\u00f6n, mutta muualla maailmalla se ei ole kovin yleinen.<\/p>\n","protected":false},"excerpt":{"rendered":"<p>Postikortti.<\/p>\n","protected":false},"featured_media":5722,"template":"","meta":[],"product_brand":[],"product_cat":[19],"product_tag":[128,115],"class_list":{"0":"post-5739","1":"product","2":"type-product","3":"status-publish","4":"has-post-thumbnail","6":"product_cat-kortit","7":"product_tag-nostalgia","8":"product_tag-suomi","9":"product_shipping_class-cards","11":"first","12":"instock","13":"taxable","14":"shipping-taxable","15":"purchasable","16":"product-type-simple"},"_links":{"self":[{"href":"https:\/\/minorpostcards.fi\/fi\/wp-json\/wp\/v2\/product\/5739","targetHints":{"allow":["GET"]}}],"collection":[{"href":"https:\/\/minorpostcards.fi\/fi\/wp-json\/wp\/v2\/product"}],"about":[{"href":"https:\/\/minorpostcards.fi\/fi\/wp-json\/wp\/v2\/types\/product"}],"wp:featuredmedia":[{"embeddable":true,"href":"https:\/\/minorpostcards.fi\/fi\/wp-json\/wp\/v2\/media\/5722"}],"wp:attachment":[{"href":"https:\/\/minorpostcards.fi\/fi\/wp-json\/wp\/v2\/media?parent=5739"}],"wp:term":[{"taxonomy":"product_brand","embeddable":true,"href":"https:\/\/minorpostcards.fi\/fi\/wp-json\/wp\/v2\/product_brand?post=5739"},{"taxonomy":"product_cat","embeddable":true,"href":"https:\/\/minorpostcards.fi\/fi\/wp-json\/wp\/v2\/product_cat?post=5739"},{"taxonomy":"product_tag","embeddable":true,"href":"https:\/\/minorpostcards.fi\/fi\/wp-json\/wp\/v2\/product_tag?post=5739"}],"curies":[{"name":"wp","href":"https:\/\/api.w.org\/{rel}","templated":true}]}}