{"id":5741,"date":"2021-03-01T07:00:41","date_gmt":"2017-04-21T15:49:41","guid":{"rendered":"https:\/\/minorpostcards.fi\/product\/uncategorized\/kupliva-kevatjuoma-sima\/"},"modified":"2026-04-17T17:07:45","modified_gmt":"2026-04-17T14:07:45","slug":"kupliva-kevatjuoma-sima","status":"publish","type":"product","link":"https:\/\/minorpostcards.fi\/fi\/tuote\/kortit\/kupliva-kevatjuoma-sima\/","title":{"rendered":"Kupliva kev\u00e4tjuoma sima"},"content":{"rendered":"<p>Siman tekoon k\u00e4ytet\u00e4\u00e4n yleens\u00e4 sitruunoita, mutta voi kokeilla my\u00f6s muita sitrushedelmi\u00e4 kuten appelsiinej\u00e4. Tai vaikka raparperi\u00e4 ja mansikoita.<\/p>\n<p>&nbsp;<\/p>\n","protected":false},"excerpt":{"rendered":"<p>Postikortti.<\/p>\n","protected":false},"featured_media":5724,"template":"","meta":[],"product_brand":[],"product_cat":[19],"product_tag":[194,137,122],"class_list":{"0":"post-5741","1":"product","2":"type-product","3":"status-publish","4":"has-post-thumbnail","6":"product_cat-kortit","7":"product_tag-reseptit","8":"product_tag-ruoka","9":"product_tag-tekstit","10":"product_shipping_class-cards","12":"first","13":"instock","14":"taxable","15":"shipping-taxable","16":"purchasable","17":"product-type-simple"},"_links":{"self":[{"href":"https:\/\/minorpostcards.fi\/fi\/wp-json\/wp\/v2\/product\/5741","targetHints":{"allow":["GET"]}}],"collection":[{"href":"https:\/\/minorpostcards.fi\/fi\/wp-json\/wp\/v2\/product"}],"about":[{"href":"https:\/\/minorpostcards.fi\/fi\/wp-json\/wp\/v2\/types\/product"}],"wp:featuredmedia":[{"embeddable":true,"href":"https:\/\/minorpostcards.fi\/fi\/wp-json\/wp\/v2\/media\/5724"}],"wp:attachment":[{"href":"https:\/\/minorpostcards.fi\/fi\/wp-json\/wp\/v2\/media?parent=5741"}],"wp:term":[{"taxonomy":"product_brand","embeddable":true,"href":"https:\/\/minorpostcards.fi\/fi\/wp-json\/wp\/v2\/product_brand?post=5741"},{"taxonomy":"product_cat","embeddable":true,"href":"https:\/\/minorpostcards.fi\/fi\/wp-json\/wp\/v2\/product_cat?post=5741"},{"taxonomy":"product_tag","embeddable":true,"href":"https:\/\/minorpostcards.fi\/fi\/wp-json\/wp\/v2\/product_tag?post=5741"}],"curies":[{"name":"wp","href":"https:\/\/api.w.org\/{rel}","templated":true}]}}