{"id":59581,"date":"2022-03-07T08:42:45","date_gmt":"2022-03-07T08:42:45","guid":{"rendered":"https:\/\/minorpostcards.fi\/?post_type=product&#038;p=59581"},"modified":"2026-04-22T12:59:18","modified_gmt":"2026-04-22T09:59:18","slug":"rauhanmerkki-kukista-22-tarra-arkki","status":"publish","type":"product","link":"https:\/\/minorpostcards.fi\/fi\/tuote\/tarrat\/rauhanmerkki-kukista-22-tarra-arkki\/","title":{"rendered":"Rauhanmerkki kukista 22 \u2013 tarra-arkki"},"content":{"rendered":"<p>T\u00e4m\u00e4 tarra-arkki on t\u00e4ynn\u00e4 kukista tehtyj\u00e4 \u262e rauhanmerkkej\u00e4! Tarrat ovat muotoonleikattuja ja ne ovat tytt\u00e4reni Ronjan piirt\u00e4mi\u00e4.<\/p>\n<p>Voit valita kolmesta eri materiaalista, jotka ovat k\u00e4ytt\u00e4m\u00e4mme normaali hyv\u00e4laatuinen kiilt\u00e4v\u00e4 tarramateriaali, ruskea ekologinen materiaali tai kirkas l\u00e4pin\u00e4kyv\u00e4 muovimateriaali. Ekomateriaali on luontoyst\u00e4v\u00e4llinen ja kompostoituv, ja muovimateriaalissa tarrasta j\u00e4\u00e4 n\u00e4kyviin vain v\u00e4rik\u00e4s rauhanmerkki mik\u00e4 n\u00e4ytt\u00e4 tosi hienolle! Tarrojen tarrojen koko sopii t\u00e4ydellisesti korttien ja kirjekuorien koristeluun.<\/p>\n<p>Arkin koko on 9,5 cm x 12,5 cm ja siin\u00e4 on 22 tarraa.<\/p>\n","protected":false},"excerpt":{"rendered":"<p>Tarra-arkki.<\/p>\n","protected":false},"featured_media":59578,"template":"","meta":[],"product_brand":[],"product_cat":[173],"product_tag":[305,245],"class_list":{"0":"post-59581","1":"product","2":"type-product","3":"status-publish","4":"has-post-thumbnail","6":"product_cat-tarrat","7":"product_tag-sekalaiset","8":"product_tag-tarrat","9":"product_shipping_class-cards","11":"first","12":"outofstock","13":"taxable","14":"shipping-taxable","15":"purchasable","16":"product-type-variable"},"_links":{"self":[{"href":"https:\/\/minorpostcards.fi\/fi\/wp-json\/wp\/v2\/product\/59581","targetHints":{"allow":["GET"]}}],"collection":[{"href":"https:\/\/minorpostcards.fi\/fi\/wp-json\/wp\/v2\/product"}],"about":[{"href":"https:\/\/minorpostcards.fi\/fi\/wp-json\/wp\/v2\/types\/product"}],"wp:featuredmedia":[{"embeddable":true,"href":"https:\/\/minorpostcards.fi\/fi\/wp-json\/wp\/v2\/media\/59578"}],"wp:attachment":[{"href":"https:\/\/minorpostcards.fi\/fi\/wp-json\/wp\/v2\/media?parent=59581"}],"wp:term":[{"taxonomy":"product_brand","embeddable":true,"href":"https:\/\/minorpostcards.fi\/fi\/wp-json\/wp\/v2\/product_brand?post=59581"},{"taxonomy":"product_cat","embeddable":true,"href":"https:\/\/minorpostcards.fi\/fi\/wp-json\/wp\/v2\/product_cat?post=59581"},{"taxonomy":"product_tag","embeddable":true,"href":"https:\/\/minorpostcards.fi\/fi\/wp-json\/wp\/v2\/product_tag?post=59581"}],"curies":[{"name":"wp","href":"https:\/\/api.w.org\/{rel}","templated":true}]}}