{"id":60053,"date":"2022-12-18T08:12:24","date_gmt":"2022-12-18T06:12:24","guid":{"rendered":"https:\/\/minorpostcards.fi\/?post_type=product&#038;p=60053"},"modified":"2026-03-26T22:43:08","modified_gmt":"2026-03-26T20:43:08","slug":"ukrainan-lippu-tarra-arkki","status":"publish","type":"product","link":"https:\/\/minorpostcards.fi\/fi\/tuote\/tarrat\/ukrainan-lippu-tarra-arkki\/","title":{"rendered":"Ukrainan lippu tarra-arkki"},"content":{"rendered":"<p>T\u00e4m\u00e4 tarra-arkki on t\u00e4ynn\u00e4 Ukrainan lippuja. Teksti lippujen kanssa on &#8221;Slava Ukraini&#8221; eli &#8221;Kunnia Ukrainalle&#8221;. Se on Ukrainan kansallinen tervehdys, joka tunnetaan Ukrainan suvereniteetin ja vastarinnan symbolina ja Ukrainan asevoimien virallisena tervehdyksen\u00e4 vuodesta 2018 l\u00e4htien. Siihen liittyy usein vastaus &#8221;Kunnia sankareille!&#8221; Se on saavuttanut maailmanlaajuista n\u00e4kyvyytt\u00e4 vastarinnan symbolina Ven\u00e4j\u00e4n meneill\u00e4\u00e4n olevan vuoden 2022 hy\u00f6kk\u00e4yksen aikana Ukrainaan, ja sit\u00e4 on k\u00e4ytt\u00e4nyt puheissa presidentti Volodymyr Zelenskyy sek\u00e4 monet ulkomaiset johtajat.<br \/>\n(teksti Wikipediasta: <a href=\"https:\/\/fi.wikipedia.org\/wiki\/Kunnia_Ukrainalle!\" target=\"_blank\" rel=\"noopener\">https:\/\/fi.wikipedia.org\/wiki\/Kunnia_Ukrainalle!<\/a> )<\/p>\n<p>T\u00e4m\u00e4 on hyv\u00e4ntekev\u00e4isyystarra-arkki. Lahjoitamme 0,5 euroa jokaista myyty\u00e4 arkkia kohti Suomen UNICEFille: <a href=\"https:\/\/www.unicef.fi\/tue-tyotamme\/ukraina\/\" target=\"_blank\" rel=\"noopener\">https:\/\/www.unicef.fi\/tue-tyotamme\/ukraina\/<\/a><\/p>\n<p>Tarramateriaali on kiilt\u00e4v\u00e4pintainen ja tarrojen koko sopii t\u00e4ydellisesti korttien ja kirjekuorien koristeluun. Tarroilla voit n\u00e4ytt\u00e4\u00e4 tukesi ukrainalaisille l\u00e4hett\u00e4m\u00e4ss\u00e4si postissa. Arkin koko on 9,5 cm x 12,5 cm ja siin\u00e4 on 35 tarraa.<\/p>\n","protected":false},"excerpt":{"rendered":"<p>Tarra-arkki.<\/p>\n","protected":false},"featured_media":60059,"template":"","meta":[],"product_brand":[],"product_cat":[173],"product_tag":[305,245],"class_list":{"0":"post-60053","1":"product","2":"type-product","3":"status-publish","4":"has-post-thumbnail","6":"product_cat-tarrat","7":"product_tag-sekalaiset","8":"product_tag-tarrat","9":"product_shipping_class-cards","11":"first","12":"instock","13":"taxable","14":"shipping-taxable","15":"purchasable","16":"product-type-simple"},"_links":{"self":[{"href":"https:\/\/minorpostcards.fi\/fi\/wp-json\/wp\/v2\/product\/60053","targetHints":{"allow":["GET"]}}],"collection":[{"href":"https:\/\/minorpostcards.fi\/fi\/wp-json\/wp\/v2\/product"}],"about":[{"href":"https:\/\/minorpostcards.fi\/fi\/wp-json\/wp\/v2\/types\/product"}],"wp:featuredmedia":[{"embeddable":true,"href":"https:\/\/minorpostcards.fi\/fi\/wp-json\/wp\/v2\/media\/60059"}],"wp:attachment":[{"href":"https:\/\/minorpostcards.fi\/fi\/wp-json\/wp\/v2\/media?parent=60053"}],"wp:term":[{"taxonomy":"product_brand","embeddable":true,"href":"https:\/\/minorpostcards.fi\/fi\/wp-json\/wp\/v2\/product_brand?post=60053"},{"taxonomy":"product_cat","embeddable":true,"href":"https:\/\/minorpostcards.fi\/fi\/wp-json\/wp\/v2\/product_cat?post=60053"},{"taxonomy":"product_tag","embeddable":true,"href":"https:\/\/minorpostcards.fi\/fi\/wp-json\/wp\/v2\/product_tag?post=60053"}],"curies":[{"name":"wp","href":"https:\/\/api.w.org\/{rel}","templated":true}]}}