{"id":60083,"date":"2022-12-18T10:55:53","date_gmt":"2022-12-18T08:55:53","guid":{"rendered":"https:\/\/minorpostcards.fi\/?post_type=product&#038;p=60083"},"modified":"2026-04-22T12:59:17","modified_gmt":"2026-04-22T09:59:17","slug":"ukraina-sydan-tarra-arkki","status":"publish","type":"product","link":"https:\/\/minorpostcards.fi\/fi\/tuote\/tarrat\/ukraina-sydan-tarra-arkki\/","title":{"rendered":"Ukraina syd\u00e4n tarra-arkki"},"content":{"rendered":"<p>T\u00e4m\u00e4 tarra-arkki on t\u00e4ynn\u00e4 syd\u00e4mi\u00e4, jotka on t\u00e4ytetty Ukrainan lipun v\u00e4reill\u00e4.<\/p>\n<p>T\u00e4m\u00e4 on hyv\u00e4ntekev\u00e4isyystarra-arkki. Lahjoitamme 0,5 euroa jokaista myyty\u00e4 arkkia kohti Suomen UNICEFille: <a href=\"https:\/\/www.unicef.fi\/tue-tyotamme\/ukraina\/\" target=\"_blank\" rel=\"noopener\">https:\/\/www.unicef.fi\/tue-tyotamme\/ukraina\/<\/a><\/p>\n<p>Tarramateriaali on kiilt\u00e4v\u00e4pintainen ja tarrojen koko sopii t\u00e4ydellisesti korttien ja kirjekuorien koristeluun. Tarroilla voit n\u00e4ytt\u00e4\u00e4 tukesi ukrainalaisille l\u00e4hett\u00e4m\u00e4ss\u00e4si postissa. Arkin koko on 9,5 cm x 12,5 cm ja siin\u00e4 on 25 tarraa.<\/p>\n","protected":false},"excerpt":{"rendered":"<p>Tarra-arkki.<\/p>\n","protected":false},"featured_media":60645,"template":"","meta":[],"product_brand":[],"product_cat":[173],"product_tag":[305,245],"class_list":{"0":"post-60083","1":"product","2":"type-product","3":"status-publish","4":"has-post-thumbnail","6":"product_cat-tarrat","7":"product_tag-sekalaiset","8":"product_tag-tarrat","9":"product_shipping_class-cards","11":"first","12":"instock","13":"taxable","14":"shipping-taxable","15":"purchasable","16":"product-type-simple"},"_links":{"self":[{"href":"https:\/\/minorpostcards.fi\/fi\/wp-json\/wp\/v2\/product\/60083","targetHints":{"allow":["GET"]}}],"collection":[{"href":"https:\/\/minorpostcards.fi\/fi\/wp-json\/wp\/v2\/product"}],"about":[{"href":"https:\/\/minorpostcards.fi\/fi\/wp-json\/wp\/v2\/types\/product"}],"wp:featuredmedia":[{"embeddable":true,"href":"https:\/\/minorpostcards.fi\/fi\/wp-json\/wp\/v2\/media\/60645"}],"wp:attachment":[{"href":"https:\/\/minorpostcards.fi\/fi\/wp-json\/wp\/v2\/media?parent=60083"}],"wp:term":[{"taxonomy":"product_brand","embeddable":true,"href":"https:\/\/minorpostcards.fi\/fi\/wp-json\/wp\/v2\/product_brand?post=60083"},{"taxonomy":"product_cat","embeddable":true,"href":"https:\/\/minorpostcards.fi\/fi\/wp-json\/wp\/v2\/product_cat?post=60083"},{"taxonomy":"product_tag","embeddable":true,"href":"https:\/\/minorpostcards.fi\/fi\/wp-json\/wp\/v2\/product_tag?post=60083"}],"curies":[{"name":"wp","href":"https:\/\/api.w.org\/{rel}","templated":true}]}}