{"id":6020,"date":"2024-08-13T10:00:56","date_gmt":"2024-08-13T07:00:56","guid":{"rendered":"https:\/\/minorpostcards.fi\/?post_type=product&#038;p=6020\/"},"modified":"2026-03-17T18:13:26","modified_gmt":"2026-03-17T16:13:26","slug":"vanha-hameenlinna-tarra-arkki","status":"publish","type":"product","link":"https:\/\/minorpostcards.fi\/fi\/tuote\/tarrat\/vanha-hameenlinna-tarra-arkki\/","title":{"rendered":"Vanha H\u00e4meenlinna tarra-arkki"},"content":{"rendered":"<p>Arkki ruskeas\u00e4vyisi\u00e4 H\u00e4meen linnan muotoisia tarroja!<\/p>\n<p>Tarramateriaali on kiilt\u00e4v\u00e4pintainen ja muotoonleikattujen tarrojen koko sopii t\u00e4ydellisesti korttien ja kirjekuorien koristeluun!<\/p>\n<p>Arkin koko on 9,5 cm x 12,5 cm ja siin\u00e4 on 27 tarraa.<\/p>\n","protected":false},"excerpt":{"rendered":"<p>Tarra-arkki<\/p>\n","protected":false},"featured_media":77911,"template":"","meta":[],"product_brand":[],"product_cat":[173],"product_tag":[305,245],"class_list":{"0":"post-6020","1":"product","2":"type-product","3":"status-publish","4":"has-post-thumbnail","6":"product_cat-tarrat","7":"product_tag-sekalaiset","8":"product_tag-tarrat","9":"product_shipping_class-cards","11":"first","12":"instock","13":"taxable","14":"shipping-taxable","15":"purchasable","16":"product-type-simple"},"_links":{"self":[{"href":"https:\/\/minorpostcards.fi\/fi\/wp-json\/wp\/v2\/product\/6020","targetHints":{"allow":["GET"]}}],"collection":[{"href":"https:\/\/minorpostcards.fi\/fi\/wp-json\/wp\/v2\/product"}],"about":[{"href":"https:\/\/minorpostcards.fi\/fi\/wp-json\/wp\/v2\/types\/product"}],"wp:featuredmedia":[{"embeddable":true,"href":"https:\/\/minorpostcards.fi\/fi\/wp-json\/wp\/v2\/media\/77911"}],"wp:attachment":[{"href":"https:\/\/minorpostcards.fi\/fi\/wp-json\/wp\/v2\/media?parent=6020"}],"wp:term":[{"taxonomy":"product_brand","embeddable":true,"href":"https:\/\/minorpostcards.fi\/fi\/wp-json\/wp\/v2\/product_brand?post=6020"},{"taxonomy":"product_cat","embeddable":true,"href":"https:\/\/minorpostcards.fi\/fi\/wp-json\/wp\/v2\/product_cat?post=6020"},{"taxonomy":"product_tag","embeddable":true,"href":"https:\/\/minorpostcards.fi\/fi\/wp-json\/wp\/v2\/product_tag?post=6020"}],"curies":[{"name":"wp","href":"https:\/\/api.w.org\/{rel}","templated":true}]}}