{"id":6272,"date":"2017-12-15T10:43:17","date_gmt":"2017-12-15T10:43:17","guid":{"rendered":"https:\/\/minorpostcards.fi\/?post_type=product&#038;p=6272"},"modified":"2026-02-17T09:10:51","modified_gmt":"2026-02-17T07:10:51","slug":"syksyn-revontulet-haukivuorella","status":"publish","type":"product","link":"https:\/\/minorpostcards.fi\/fi\/tuote\/kortit\/syksyn-revontulet-haukivuorella\/","title":{"rendered":"Syksyn revontulet Haukivuorella"},"content":{"rendered":"<p><span style=\"color: #000000;\">Revontulia voi n\u00e4hd\u00e4 jo syksyll\u00e4 ja silloin kuvaaminen ei ole niin kylm\u00e4\u00e4 ty\u00f6t\u00e4. Kuva on otettu lokakuussa Mikkelin Haukivuorella Kapustasalmella &#8221;kotimaisemissani&#8221; ja kuvan ottanut valokuvaaja Ilpo Aalto kuvailee kuvaushetke\u00e4 n\u00e4in: &#8221;<\/span>\u00a0Se oli hieno hetki. Olen revontulia kyt\u00e4nnyt paljon ja tuo sattui, kun olin tulossa Pieks\u00e4m\u00e4elt\u00e4 ty\u00f6keikalta. Parhaat n\u00e4kem\u00e4ni. Ja hyv\u00e4 paikka kuvata. &#8221;<\/p>\n<p>T\u00e4ss\u00e4 kortissa on tavallisuudesta poikkeava mattapinnoite. Sen ansiosta kortin pinta tuntuu pehme\u00e4lle, melkein kankaiselle, ja sit\u00e4 voi hypistell\u00e4 vapaasti koska pintaan ei j\u00e4\u00e4 sormenj\u00e4lki\u00e4!<\/p>\n","protected":false},"excerpt":{"rendered":"<p>Yksitt\u00e4inen postikortti.<\/p>\n","protected":false},"featured_media":63676,"template":"","meta":[],"product_brand":[],"product_cat":[19],"product_tag":[126,115,191,120],"class_list":{"0":"post-6272","1":"product","2":"type-product","3":"status-publish","4":"has-post-thumbnail","6":"product_cat-kortit","7":"product_tag-maisemat","8":"product_tag-suomi","9":"product_tag-syksy","10":"product_tag-talvi","11":"product_shipping_class-cards","13":"first","14":"outofstock","15":"taxable","16":"shipping-taxable","17":"purchasable","18":"product-type-simple"},"_links":{"self":[{"href":"https:\/\/minorpostcards.fi\/fi\/wp-json\/wp\/v2\/product\/6272","targetHints":{"allow":["GET"]}}],"collection":[{"href":"https:\/\/minorpostcards.fi\/fi\/wp-json\/wp\/v2\/product"}],"about":[{"href":"https:\/\/minorpostcards.fi\/fi\/wp-json\/wp\/v2\/types\/product"}],"wp:featuredmedia":[{"embeddable":true,"href":"https:\/\/minorpostcards.fi\/fi\/wp-json\/wp\/v2\/media\/63676"}],"wp:attachment":[{"href":"https:\/\/minorpostcards.fi\/fi\/wp-json\/wp\/v2\/media?parent=6272"}],"wp:term":[{"taxonomy":"product_brand","embeddable":true,"href":"https:\/\/minorpostcards.fi\/fi\/wp-json\/wp\/v2\/product_brand?post=6272"},{"taxonomy":"product_cat","embeddable":true,"href":"https:\/\/minorpostcards.fi\/fi\/wp-json\/wp\/v2\/product_cat?post=6272"},{"taxonomy":"product_tag","embeddable":true,"href":"https:\/\/minorpostcards.fi\/fi\/wp-json\/wp\/v2\/product_tag?post=6272"}],"curies":[{"name":"wp","href":"https:\/\/api.w.org\/{rel}","templated":true}]}}