{"id":6274,"date":"2017-12-15T10:49:40","date_gmt":"2017-12-15T10:49:40","guid":{"rendered":"https:\/\/minorpostcards.fi\/?post_type=product&#038;p=6274"},"modified":"2026-04-20T14:29:04","modified_gmt":"2026-04-20T11:29:04","slug":"bengtskarin-majakka","status":"publish","type":"product","link":"https:\/\/minorpostcards.fi\/fi\/tuote\/kortit\/bengtskarin-majakka\/","title":{"rendered":"Bengtsk\u00e4rin majakka"},"content":{"rendered":"<div>Bengtsk\u00e4rin majakka on\u00a0Turun saaristossa\u00a0Saaristomerell\u00e4\u00a0noin 25 kilometrin (eli noin tunnin moottorivenematkan) p\u00e4\u00e4ss\u00e4\u00a0Hangosta. Se rakennettiin Bengtsk\u00e4rin kallioluodolle luodosta louhitusta graniittikivest\u00e4 ja tiilest\u00e4 vuonna\u00a01906 est\u00e4m\u00e4\u00e4n alusten haaksirikot alueella.\u00a0Se on Pohjoismaiden korkein majakka ja sen\u00a0tornin huippu kohoaa 52 metri\u00e4 merenpinnan yl\u00e4puolelle.\u00a0Majakan alkuper\u00e4isiin rakennuksiin kuuluu my\u00f6s majakkarakennuksen vieress\u00e4 sijaitseva kivinen pesutuparakennus, joka kuvassa n\u00e4kyy osittain majakan takana.\u00a0Museovirasto on arvioinut Bengtsk\u00e4rin majakan ja siihen liittyv\u00e4n rakennuskokonaisuuden olevan\u00a0valtakunnallisesti merkitt\u00e4v\u00e4 rakennettu kulttuuriymp\u00e4rist\u00f6\u00a0ja merenkulun t\u00e4rkeimpi\u00e4 rakennusperint\u00f6kohteita Suomessa.<\/div>\n<div>Majakalla on mielenkiintoinen historia alkuvaiheen t\u00e4rke\u00e4st\u00e4 majakanvartioiden suorittamasta meriliikenteen turvaamisesta aina syksyn 1968 toiminnan automatisointiin saakka. Sotavuosien aikana majakkaa vartioineet\u00a0sotilaat tekiv\u00e4t ajankuluksi paljon kaiverruksia kallioihin, ja niiden joukossa l\u00f6ytyy\u00a0pommien ja tykist\u00f6n ammusten tekemi\u00e4 j\u00e4lki\u00e4.\u00a0Automatisoinnin j\u00e4lkeen asumaton rakennus rapistui nopeasti ja oli huonokuntoinen kun sit\u00e4 alettiin vuokraamaan. Vuoden 1995 kunnostuksen\u00a0j\u00e4lkeen nykyinen omistaja\u00a0Turun Yliopistos\u00e4\u00e4ti\u00f6\u00a0on\u00a0 tehnyt majakasta suositun matkailukohteen. Sinne on laivavuoroja kes\u00e4kaudella sek\u00e4 y\u00f6pyminenkin on mahdollista.<\/div>\n<div>\u00a0<\/div>\n<div>Korttikuva on otettu syyskuussa 2017 ikimuistoisella perheen tekem\u00e4ll\u00e4 majakkareissulla.<\/div>\n","protected":false},"excerpt":{"rendered":"<p>Yksitt\u00e4inen postikortti.<\/p>\n","protected":false},"featured_media":6288,"template":"","meta":[],"product_brand":[],"product_cat":[19],"product_tag":[149,126,303,115],"class_list":{"0":"post-6274","1":"product","2":"type-product","3":"status-publish","4":"has-post-thumbnail","6":"product_cat-kortit","7":"product_tag-kesa","8":"product_tag-maisemat","9":"product_tag-majakat-fi","10":"product_tag-suomi","11":"product_shipping_class-cards","13":"first","14":"instock","15":"taxable","16":"shipping-taxable","17":"purchasable","18":"product-type-simple"},"_links":{"self":[{"href":"https:\/\/minorpostcards.fi\/fi\/wp-json\/wp\/v2\/product\/6274","targetHints":{"allow":["GET"]}}],"collection":[{"href":"https:\/\/minorpostcards.fi\/fi\/wp-json\/wp\/v2\/product"}],"about":[{"href":"https:\/\/minorpostcards.fi\/fi\/wp-json\/wp\/v2\/types\/product"}],"wp:featuredmedia":[{"embeddable":true,"href":"https:\/\/minorpostcards.fi\/fi\/wp-json\/wp\/v2\/media\/6288"}],"wp:attachment":[{"href":"https:\/\/minorpostcards.fi\/fi\/wp-json\/wp\/v2\/media?parent=6274"}],"wp:term":[{"taxonomy":"product_brand","embeddable":true,"href":"https:\/\/minorpostcards.fi\/fi\/wp-json\/wp\/v2\/product_brand?post=6274"},{"taxonomy":"product_cat","embeddable":true,"href":"https:\/\/minorpostcards.fi\/fi\/wp-json\/wp\/v2\/product_cat?post=6274"},{"taxonomy":"product_tag","embeddable":true,"href":"https:\/\/minorpostcards.fi\/fi\/wp-json\/wp\/v2\/product_tag?post=6274"}],"curies":[{"name":"wp","href":"https:\/\/api.w.org\/{rel}","templated":true}]}}