{"id":6276,"date":"2017-12-15T10:54:30","date_gmt":"2017-12-15T10:54:30","guid":{"rendered":"https:\/\/minorpostcards.fi\/?post_type=product&#038;p=6276"},"modified":"2026-04-20T14:29:04","modified_gmt":"2026-04-20T11:29:04","slug":"mamman-mustikkapiiras","status":"publish","type":"product","link":"https:\/\/minorpostcards.fi\/fi\/tuote\/kortit\/mamman-mustikkapiiras\/","title":{"rendered":"Mamman mustikkapiiras"},"content":{"rendered":"<p>Suomalaisten mustikkapiirakan suosikkiresepti on per\u00e4isin 70-luvulta, mutta monen mielest\u00e4 se on viel\u00e4kin paras ja ainoa ohje, jota kannattaa k\u00e4ytt\u00e4\u00e4. Resepti toimii muillakin t\u00e4ytteill\u00e4, esim. puolukoilla tai ananaslohkoilla. Osan vehn\u00e4jauhoista voi korvata terveellisemmill\u00e4 graham- tai ruisjauhoilla ja pohjaan voi lis\u00e4t\u00e4 oman maun mukaan mausteita kuten kanelia tai kardemummaa.<\/p>\n","protected":false},"excerpt":{"rendered":"<p>Yksitt\u00e4inen postikortti.<\/p>\n","protected":false},"featured_media":6350,"template":"","meta":[],"product_brand":[],"product_cat":[19],"product_tag":[149,194,137,115,122],"class_list":{"0":"post-6276","1":"product","2":"type-product","3":"status-publish","4":"has-post-thumbnail","6":"product_cat-kortit","7":"product_tag-kesa","8":"product_tag-reseptit","9":"product_tag-ruoka","10":"product_tag-suomi","11":"product_tag-tekstit","12":"product_shipping_class-cards","14":"first","15":"instock","16":"taxable","17":"shipping-taxable","18":"purchasable","19":"product-type-simple"},"_links":{"self":[{"href":"https:\/\/minorpostcards.fi\/fi\/wp-json\/wp\/v2\/product\/6276","targetHints":{"allow":["GET"]}}],"collection":[{"href":"https:\/\/minorpostcards.fi\/fi\/wp-json\/wp\/v2\/product"}],"about":[{"href":"https:\/\/minorpostcards.fi\/fi\/wp-json\/wp\/v2\/types\/product"}],"wp:featuredmedia":[{"embeddable":true,"href":"https:\/\/minorpostcards.fi\/fi\/wp-json\/wp\/v2\/media\/6350"}],"wp:attachment":[{"href":"https:\/\/minorpostcards.fi\/fi\/wp-json\/wp\/v2\/media?parent=6276"}],"wp:term":[{"taxonomy":"product_brand","embeddable":true,"href":"https:\/\/minorpostcards.fi\/fi\/wp-json\/wp\/v2\/product_brand?post=6276"},{"taxonomy":"product_cat","embeddable":true,"href":"https:\/\/minorpostcards.fi\/fi\/wp-json\/wp\/v2\/product_cat?post=6276"},{"taxonomy":"product_tag","embeddable":true,"href":"https:\/\/minorpostcards.fi\/fi\/wp-json\/wp\/v2\/product_tag?post=6276"}],"curies":[{"name":"wp","href":"https:\/\/api.w.org\/{rel}","templated":true}]}}