{"id":6280,"date":"2020-11-01T11:01:11","date_gmt":"2020-11-01T11:01:11","guid":{"rendered":"https:\/\/minorpostcards.fi\/?post_type=product&#038;p=6280"},"modified":"2026-01-02T21:52:39","modified_gmt":"2026-01-02T19:52:39","slug":"talvinen-maisemakartta","status":"publish","type":"product","link":"https:\/\/minorpostcards.fi\/fi\/tuote\/kortit\/talvinen-maisemakartta\/","title":{"rendered":"Talvinen maisemakartta"},"content":{"rendered":"<p><span style=\"color: #000000\">Talvella kuvattu Nyk\u00e4l\u00e4n joen koskipaikka muistuttaa muodoltaan niin paljon Suomen karttaa, ett\u00e4 ajatus niiden yhdist\u00e4misest\u00e4 on ollut ilmassa jo vuosikausia. Kartta-alueen kiilt\u00e4v\u00e4 lakkaus kuvassa tekee t\u00e4st\u00e4 erityisen hienon kortin, ja lis\u00e4ksi se on ensimm\u00e4inen kulmista py\u00f6ristetty Minorin malli. Samaa kiilt\u00e4v\u00e4\u00e4 lakkausta yhdistettyn\u00e4 py\u00f6re\u00e4kulmaiseen korttiin n\u00e4hd\u00e4\u00e4n my\u00f6s mallissa &#8221;5163B Kivipino&#8221;, sek\u00e4\u00a0<\/span>tulevaisuudessa\u00a0<span style=\"color: #000000\">muutamissa valikoiduissa\u00a0<\/span>korteissa.<\/p>\n","protected":false},"excerpt":{"rendered":"<p>Yksitt\u00e4inen postikortti.<\/p>\n","protected":false},"featured_media":36496,"template":"","meta":[],"product_brand":[],"product_cat":[19],"product_tag":[130,126,304,307,115,120],"class_list":{"0":"post-6280","1":"product","2":"type-product","3":"status-publish","4":"has-post-thumbnail","6":"product_cat-kortit","7":"product_tag-kartat","8":"product_tag-maisemat","9":"product_tag-mattapinta","10":"product_tag-pyoristetyt-kulmat","11":"product_tag-suomi","12":"product_tag-talvi","13":"product_shipping_class-cards","15":"first","16":"instock","17":"taxable","18":"shipping-taxable","19":"purchasable","20":"product-type-simple"},"_links":{"self":[{"href":"https:\/\/minorpostcards.fi\/fi\/wp-json\/wp\/v2\/product\/6280","targetHints":{"allow":["GET"]}}],"collection":[{"href":"https:\/\/minorpostcards.fi\/fi\/wp-json\/wp\/v2\/product"}],"about":[{"href":"https:\/\/minorpostcards.fi\/fi\/wp-json\/wp\/v2\/types\/product"}],"wp:featuredmedia":[{"embeddable":true,"href":"https:\/\/minorpostcards.fi\/fi\/wp-json\/wp\/v2\/media\/36496"}],"wp:attachment":[{"href":"https:\/\/minorpostcards.fi\/fi\/wp-json\/wp\/v2\/media?parent=6280"}],"wp:term":[{"taxonomy":"product_brand","embeddable":true,"href":"https:\/\/minorpostcards.fi\/fi\/wp-json\/wp\/v2\/product_brand?post=6280"},{"taxonomy":"product_cat","embeddable":true,"href":"https:\/\/minorpostcards.fi\/fi\/wp-json\/wp\/v2\/product_cat?post=6280"},{"taxonomy":"product_tag","embeddable":true,"href":"https:\/\/minorpostcards.fi\/fi\/wp-json\/wp\/v2\/product_tag?post=6280"}],"curies":[{"name":"wp","href":"https:\/\/api.w.org\/{rel}","templated":true}]}}