{"id":63383,"date":"2022-06-10T12:38:32","date_gmt":"2022-06-10T12:38:33","guid":{"rendered":"https:\/\/minorpostcards.fi\/?post_type=product&#038;p=63383"},"modified":"2026-03-17T18:13:26","modified_gmt":"2026-03-17T16:13:26","slug":"kastelholman-linna-ahvenanmaalla","status":"publish","type":"product","link":"https:\/\/minorpostcards.fi\/fi\/tuote\/kortit\/kastelholman-linna-ahvenanmaalla\/","title":{"rendered":"Kastelholman linna Ahvenanmaalla"},"content":{"rendered":"<p>Kastelholman linna (Kastelholm castle, ruots.\u00a0<span lang=\"sv\">Kastelholms slott<\/span>) rakennettiin keskiajalla, 1300-luvun loppupuolella, ja se sijaitsee Ahvenanmaan Sundissa. Linnalla oli suuri merkitys Ruotsin vallan yll\u00e4pit\u00e4misess\u00e4 useiden vuosisatojen ajan, vaikka tanskalaiset pystyiv\u00e4t sen v\u00e4lill\u00e4 valtaamaan.<\/p>\n<p>Linna rakennettiin pienelle saarelle ja sit\u00e4 ymp\u00e4r\u00f6i moninkertainen paalurivi. Kivest\u00e4 ja tiilist\u00e4 rakennettu linna k\u00e4sitt\u00e4\u00e4 esilinnan ja p\u00e4\u00e4linnan ja sen keskell\u00e4 on korkea Kuuritorni. Linna toimi Ahvenanmaan hallintokeskuksena, ja se piti asemansa aina siihen saakka kunnes Ahvenanmaa liitettiin l\u00e4\u00e4ninuudistuksessa Turun l\u00e4\u00e4niin 1634. Siell\u00e4 oleskeli useita aatelisia ja kuninkaita, mm. kuningas Kustaa Vaasa.<\/p>\n<p>Kastelholman linna vaurioitui ja j\u00e4lleenrakennettiin useasti aikojen kuluessa. Merkityksen v\u00e4hentyess\u00e4 sit\u00e4 k\u00e4ytettiin my\u00f6s vankilana. Vuoden 1745 tulipalossa se vaurioitui pahasti ja alkoi raunioitua. Parhaiten tulipalosta selvisi pohjoissiipi, joka toimi viljavarastona 1930-luvulle asti. Sen j\u00e4lkeen rakennus alkoi toimia Ahvenanmaan ensimm\u00e4isen\u00e4 kulttuurihistoriallisena museona. Linnan raunioita restauroitiin jo 1890-luvulla ja viimeisin kunnostus tehtiin vuonna 2001.<\/p>\n<p>Linna on suosittu turistikohde ja se on avoinna vierailijoille kev\u00e4\u00e4st\u00e4 syksyyn.<\/p>\n","protected":false},"excerpt":{"rendered":"<p>Postikortti.<\/p>\n","protected":false},"featured_media":63395,"template":"","meta":[],"product_brand":[],"product_cat":[19],"product_tag":[130,329,126,115],"class_list":{"0":"post-63383","1":"product","2":"type-product","3":"status-publish","4":"has-post-thumbnail","6":"product_cat-kortit","7":"product_tag-kartat","8":"product_tag-linnat","9":"product_tag-maisemat","10":"product_tag-suomi","11":"product_shipping_class-cards","13":"first","14":"instock","15":"taxable","16":"shipping-taxable","17":"purchasable","18":"product-type-simple"},"_links":{"self":[{"href":"https:\/\/minorpostcards.fi\/fi\/wp-json\/wp\/v2\/product\/63383","targetHints":{"allow":["GET"]}}],"collection":[{"href":"https:\/\/minorpostcards.fi\/fi\/wp-json\/wp\/v2\/product"}],"about":[{"href":"https:\/\/minorpostcards.fi\/fi\/wp-json\/wp\/v2\/types\/product"}],"wp:featuredmedia":[{"embeddable":true,"href":"https:\/\/minorpostcards.fi\/fi\/wp-json\/wp\/v2\/media\/63395"}],"wp:attachment":[{"href":"https:\/\/minorpostcards.fi\/fi\/wp-json\/wp\/v2\/media?parent=63383"}],"wp:term":[{"taxonomy":"product_brand","embeddable":true,"href":"https:\/\/minorpostcards.fi\/fi\/wp-json\/wp\/v2\/product_brand?post=63383"},{"taxonomy":"product_cat","embeddable":true,"href":"https:\/\/minorpostcards.fi\/fi\/wp-json\/wp\/v2\/product_cat?post=63383"},{"taxonomy":"product_tag","embeddable":true,"href":"https:\/\/minorpostcards.fi\/fi\/wp-json\/wp\/v2\/product_tag?post=63383"}],"curies":[{"name":"wp","href":"https:\/\/api.w.org\/{rel}","templated":true}]}}