{"id":63429,"date":"2022-06-10T15:15:46","date_gmt":"2022-06-10T15:15:47","guid":{"rendered":"https:\/\/minorpostcards.fi\/?post_type=product&#038;p=63429"},"modified":"2026-02-28T07:42:36","modified_gmt":"2026-02-28T05:42:36","slug":"salskarin-majakka-kartalla","status":"publish","type":"product","link":"https:\/\/minorpostcards.fi\/fi\/tuote\/kortit\/salskarin-majakka-kartalla\/","title":{"rendered":"S\u00e4lsk\u00e4rin majakka kartalla"},"content":{"rendered":"<p>S\u00e4lsk\u00e4rin majakka on Ahvenanmaan pohjoisosassa pienell\u00e4 luodolla. Se on rakennettu vuonna 1868 ja se automatisoitiin ensimm\u00e4isen\u00e4 majakkana Suomessa vuonna 1949. Tiilest\u00e4 graniittiperustuksen p\u00e4\u00e4lle rakennetun majakan korkeus vedenpinnasta on 44,5 m. (maanpinnasta n. 30 m.) Sen on suunnitellut Axel Hampus Dahlstr\u00f6m.<\/p>\n<p>Saarella on pieni j\u00e4rvim\u00e4inen makean veden allas ja muutama kitukasvuinen puu. Luoto on nykyisin luonnontilassa, saarella on pari huonossa kunnossa olevaa kivirakennelmaa ja pikkum\u00f6kki mutta ei asutusta. Majakkaluodolle tehd\u00e4\u00e4n kes\u00e4isin hyv\u00e4ll\u00e4 s\u00e4\u00e4ll\u00e4 veneretki\u00e4 ja korttikuva on otettu t\u00e4llaisella retkell\u00e4 kes\u00e4ll\u00e4 2021. Kartasta n\u00e4kyy majakan sijainti Saaristomerell\u00e4.<\/p>\n","protected":false},"excerpt":{"rendered":"<p>Postikortti.<\/p>\n","protected":false},"featured_media":63413,"template":"","meta":[],"product_brand":[],"product_cat":[19],"product_tag":[149,126,303,115],"class_list":{"0":"post-63429","1":"product","2":"type-product","3":"status-publish","4":"has-post-thumbnail","6":"product_cat-kortit","7":"product_tag-kesa","8":"product_tag-maisemat","9":"product_tag-majakat-fi","10":"product_tag-suomi","11":"product_shipping_class-cards","13":"first","14":"instock","15":"taxable","16":"shipping-taxable","17":"purchasable","18":"product-type-simple"},"_links":{"self":[{"href":"https:\/\/minorpostcards.fi\/fi\/wp-json\/wp\/v2\/product\/63429","targetHints":{"allow":["GET"]}}],"collection":[{"href":"https:\/\/minorpostcards.fi\/fi\/wp-json\/wp\/v2\/product"}],"about":[{"href":"https:\/\/minorpostcards.fi\/fi\/wp-json\/wp\/v2\/types\/product"}],"wp:featuredmedia":[{"embeddable":true,"href":"https:\/\/minorpostcards.fi\/fi\/wp-json\/wp\/v2\/media\/63413"}],"wp:attachment":[{"href":"https:\/\/minorpostcards.fi\/fi\/wp-json\/wp\/v2\/media?parent=63429"}],"wp:term":[{"taxonomy":"product_brand","embeddable":true,"href":"https:\/\/minorpostcards.fi\/fi\/wp-json\/wp\/v2\/product_brand?post=63429"},{"taxonomy":"product_cat","embeddable":true,"href":"https:\/\/minorpostcards.fi\/fi\/wp-json\/wp\/v2\/product_cat?post=63429"},{"taxonomy":"product_tag","embeddable":true,"href":"https:\/\/minorpostcards.fi\/fi\/wp-json\/wp\/v2\/product_tag?post=63429"}],"curies":[{"name":"wp","href":"https:\/\/api.w.org\/{rel}","templated":true}]}}