{"id":63431,"date":"2022-06-10T15:20:20","date_gmt":"2022-06-10T15:20:21","guid":{"rendered":"https:\/\/minorpostcards.fi\/?post_type=product&#038;p=63431"},"modified":"2025-08-12T12:31:58","modified_gmt":"2025-08-12T09:31:58","slug":"terveisia-kukkaniitylta","status":"publish","type":"product","link":"https:\/\/minorpostcards.fi\/fi\/tuote\/kortit\/terveisia-kukkaniitylta\/","title":{"rendered":"Terveisi\u00e4 kukkaniitylt\u00e4!"},"content":{"rendered":"<p>Terveisi\u00e4 kes\u00e4iselt\u00e4 niitylt\u00e4! T\u00e4\u00e4ll\u00e4 kasvaa paljon kukkia, kuten unikkoja, ruiskukkia, p\u00e4iv\u00e4nkakkaroita, niittyleinikkej\u00e4 ja lemmikkej\u00e4, jotka n\u00e4kyv\u00e4t kuvassa.<\/p>\n","protected":false},"excerpt":{"rendered":"<p>Postikortti.<\/p>\n","protected":false},"featured_media":63415,"template":"","meta":[],"product_brand":[],"product_cat":[19],"product_tag":[139,149,147],"class_list":{"0":"post-63431","1":"product","2":"type-product","3":"status-publish","4":"has-post-thumbnail","6":"product_cat-kortit","7":"product_tag-kasvit","8":"product_tag-kesa","9":"product_tag-posti","10":"product_shipping_class-cards","12":"first","13":"outofstock","14":"taxable","15":"shipping-taxable","16":"purchasable","17":"product-type-simple"},"_links":{"self":[{"href":"https:\/\/minorpostcards.fi\/fi\/wp-json\/wp\/v2\/product\/63431","targetHints":{"allow":["GET"]}}],"collection":[{"href":"https:\/\/minorpostcards.fi\/fi\/wp-json\/wp\/v2\/product"}],"about":[{"href":"https:\/\/minorpostcards.fi\/fi\/wp-json\/wp\/v2\/types\/product"}],"wp:featuredmedia":[{"embeddable":true,"href":"https:\/\/minorpostcards.fi\/fi\/wp-json\/wp\/v2\/media\/63415"}],"wp:attachment":[{"href":"https:\/\/minorpostcards.fi\/fi\/wp-json\/wp\/v2\/media?parent=63431"}],"wp:term":[{"taxonomy":"product_brand","embeddable":true,"href":"https:\/\/minorpostcards.fi\/fi\/wp-json\/wp\/v2\/product_brand?post=63431"},{"taxonomy":"product_cat","embeddable":true,"href":"https:\/\/minorpostcards.fi\/fi\/wp-json\/wp\/v2\/product_cat?post=63431"},{"taxonomy":"product_tag","embeddable":true,"href":"https:\/\/minorpostcards.fi\/fi\/wp-json\/wp\/v2\/product_tag?post=63431"}],"curies":[{"name":"wp","href":"https:\/\/api.w.org\/{rel}","templated":true}]}}