{"id":63439,"date":"2022-06-10T15:37:38","date_gmt":"2022-06-10T15:37:39","guid":{"rendered":"https:\/\/minorpostcards.fi\/?post_type=product&#038;p=63439"},"modified":"2026-04-20T14:29:01","modified_gmt":"2026-04-20T11:29:01","slug":"vanha-porvoo-kartalla","status":"publish","type":"product","link":"https:\/\/minorpostcards.fi\/fi\/tuote\/kortit\/vanha-porvoo-kartalla\/","title":{"rendered":"Vanha Porvoo kartalla"},"content":{"rendered":"<p>Porvoon kaupungin vanhin osa eli Vanha Porvoo sijaitsee Porvoonjoen rantapenkereell\u00e4. Kaupunki on perustettu 1300-luvulla ja tuhoutunut useasti tulipaloissa. Kaupungin vanhimmat rakennukset, Porvoon tuomiokirkko ja kellotapuli ovat per\u00e4isin keskiajalta, 1400-luvulta.<\/p>\n<p>Vanhan Porvoon nykyisist\u00e4 rakennuksista valtaosa on rakennettu tulipalon j\u00e4lkeen 1780-1820 ja kirkon ohella tunnetuimmat niist\u00e4 ovat punaiset hirsiaitat joen rannalla. Vanha Porvoo kuuluu niin kansallismaisemien\u00a0kuin\u00a0valtakunnallisesti merkitt\u00e4viin rakennettuihin kulttuuriymp\u00e4rist\u00f6jen luetteloon.<\/p>\n<p>Alueelle on ominaista suuret korkeuserot ja eriv\u00e4riset kauniit puurakennukset. Alue on suosittu matkailukohde t\u00e4ynn\u00e4 tunnelmaa, historiaa, kauppoja ja palveluita.<\/p>\n","protected":false},"excerpt":{"rendered":"<p>Postikortti.<\/p>\n","protected":false},"featured_media":63421,"template":"","meta":[],"product_brand":[],"product_cat":[19],"product_tag":[149,126,332,115],"class_list":{"0":"post-63439","1":"product","2":"type-product","3":"status-publish","4":"has-post-thumbnail","6":"product_cat-kortit","7":"product_tag-kesa","8":"product_tag-maisemat","9":"product_tag-suomalaiset-paikat-ja-alueet","10":"product_tag-suomi","11":"product_shipping_class-cards","13":"first","14":"instock","15":"taxable","16":"shipping-taxable","17":"purchasable","18":"product-type-simple"},"_links":{"self":[{"href":"https:\/\/minorpostcards.fi\/fi\/wp-json\/wp\/v2\/product\/63439","targetHints":{"allow":["GET"]}}],"collection":[{"href":"https:\/\/minorpostcards.fi\/fi\/wp-json\/wp\/v2\/product"}],"about":[{"href":"https:\/\/minorpostcards.fi\/fi\/wp-json\/wp\/v2\/types\/product"}],"wp:featuredmedia":[{"embeddable":true,"href":"https:\/\/minorpostcards.fi\/fi\/wp-json\/wp\/v2\/media\/63421"}],"wp:attachment":[{"href":"https:\/\/minorpostcards.fi\/fi\/wp-json\/wp\/v2\/media?parent=63439"}],"wp:term":[{"taxonomy":"product_brand","embeddable":true,"href":"https:\/\/minorpostcards.fi\/fi\/wp-json\/wp\/v2\/product_brand?post=63439"},{"taxonomy":"product_cat","embeddable":true,"href":"https:\/\/minorpostcards.fi\/fi\/wp-json\/wp\/v2\/product_cat?post=63439"},{"taxonomy":"product_tag","embeddable":true,"href":"https:\/\/minorpostcards.fi\/fi\/wp-json\/wp\/v2\/product_tag?post=63439"}],"curies":[{"name":"wp","href":"https:\/\/api.w.org\/{rel}","templated":true}]}}